{"id":15851,"date":"2020-09-29T10:14:55","date_gmt":"2020-09-29T10:14:55","guid":{"rendered":"http:\/\/marcegaglia.co\/marcegaglia-mexico-2\/"},"modified":"2024-04-17T15:36:46","modified_gmt":"2024-04-17T15:36:46","slug":"marcegaglia-colombia","status":"publish","type":"page","link":"https:\/\/marcegaglia.co\/es\/marcegaglia-colombia\/","title":{"rendered":"Marcegaglia Colombia"},"content":{"rendered":"<div class=\"wpb-content-wrapper\"><p>[vc_row full_width=\u00bbstretch_row_content_no_spaces\u00bb css=\u00bb.vc_custom_1602515117165{margin-bottom: 2em !important;background-image: url(http:\/\/marcegaglia.co\/wp-content\/uploads\/2020\/09\/DSCF1108_lav_stabilimento_impianto_1920x306.jpg?id=15877) !important;background-position: center !important;background-repeat: no-repeat !important;background-size: cover !important;}\u00bb el_id=\u00bbdesk\u00bb][vc_column css=\u00bb.vc_custom_1588591974425{padding-top: 10em !important;padding-bottom: 10em !important;background-position: center !important;background-repeat: no-repeat !important;background-size: cover !important;}\u00bb el_id=\u00bbdesk\u00bb offset=\u00bbvc_hidden-sm vc_hidden-xs\u00bb][\/vc_column][\/vc_row][vc_row full_width=\u00bbstretch_row_content_no_spaces\u00bb css=\u00bb.vc_custom_1713368154616{margin-bottom: 2em !important;padding-top: 5em !important;padding-bottom: 5em !important;background-image: url(http:\/\/marcegaglia.co\/wp-content\/uploads\/2020\/07\/marcegaglia_france-cold-rolled-sheets-gallery-602&#215;300-1.jpg?id=15291) !important;background-position: center !important;background-repeat: no-repeat !important;background-size: cover !important;}\u00bb el_id=\u00bbresp\u00bb][vc_column css=\u00bb.vc_custom_1588592239658{background-position: center !important;background-repeat: no-repeat !important;background-size: cover !important;}\u00bb el_id=\u00bbresp\u00bb offset=\u00bbvc_hidden-lg vc_hidden-md\u00bb][\/vc_column][\/vc_row][vc_row full_width=\u00bbstretch_row\u00bb css=\u00bb.vc_custom_1585745297547{margin-bottom: 2em !important;background-position: center !important;background-repeat: no-repeat !important;background-size: cover !important;}\u00bb][vc_column width=\u00bb1\/2&#8243; el_id=\u00bbdesc_impianto\u00bb][vc_column_text]<\/p>\n<h3>MARCEGAGLIA COLOMBIA<\/h3>\n<p><strong>PRODUCTOS MET\u00c1LICOS PARA LA INDUSTRIA DE LA REFRIGERACI\u00d3N DOM\u00c9STICA Y COMERCIAL<\/strong><\/p>\n<p><strong>Marcegaglia Colombia<\/strong> ha ubicado en <strong>Funza<\/strong> su producci\u00f3n para satisfacer principalmente las necesidades de la <strong>industria de la refrigeraci\u00f3n dom\u00e9stica e industrial<\/strong>. Los productos se dise\u00f1an y fabrican junto con el cliente, para asegurar su \u00f3ptima adaptaci\u00f3n en el equipo final en t\u00e9rminos de rendimiento, costos y consumo de energ\u00eda; se pueden personalizar a petici\u00f3n y se suministran con todo tipo de solicitudes.<\/p>\n<p>Marcegaglia Colombia abastece a los <strong>principales distritos de producci\u00f3n<\/strong> a trav\u00e9s de su <strong>red mundial<\/strong> de plantas en el sector que incluye, adem\u00e1s de la planta de <strong>Funza<\/strong>, la unidad de producci\u00f3n de Garuva, en el estado de Santa Catarina en <strong>Brasil<\/strong>, la planta de Quer\u00e9taro situada en <strong>M\u00e9xico<\/strong>, la unidad de Praszka en <strong>Polonia<\/strong> y los molinos <strong>italianos<\/strong> situados en Forl\u00ec y en Fontanafredda (Pordenone).[\/vc_column_text][\/vc_column][vc_column width=\u00bb1\/2&#8243;][vc_row_inner][vc_column_inner width=\u00bb1\/4&#8243;][vc_single_image image=\u00bb15969&#8243; img_size=\u00bbfull\u00bb onclick=\u00bbcustom_link\u00bb img_link_target=\u00bb_blank\u00bb link=\u00bbhttps:\/\/www.publications.marcegaglia.com\/wp-content\/uploads\/2022\/06\/Marcegaglia-Corporate-Profile-June-2022.pdf\u00bb][\/vc_column_inner][vc_column_inner width=\u00bb1\/4&#8243; offset=\u00bbvc_col-xs-3&#8243;][\/vc_column_inner][vc_column_inner width=\u00bb1\/4&#8243;][\/vc_column_inner][vc_column_inner width=\u00bb1\/4&#8243;][\/vc_column_inner][\/vc_row_inner][vc_empty_space]<div id=\"cz_15837\" class=\"cz_15837 slick arrows_mlr no_dots arrows_inner\" data-slick='{\"selector\":\"\",\"slidesToShow\":1,\"slidesToScroll\":1,\"rows\":1,\"fade\":true,\"vertical\":false,\"verticalSwiping\":false,\"infinite\":true,\"speed\":1000,\"swipeToSlide\":true,\"centerMode\":false,\"centerPadding\":\"\",\"variableWidth\":false,\"autoplay\":false,\"autoplaySpeed\":4000,\"dots\":true,\"counts\":false,\"adaptiveHeight\":false,\"responsive\":[{\"breakpoint\":769,\"settings\":{\"slidesToShow\":1,\"slidesToScroll\":1,\"infinite\":true,\"touchMove\":true}},{\"breakpoint\":481,\"settings\":{\"slidesToShow\":1,\"slidesToScroll\":1,\"infinite\":true,\"touchMove\":true}}]}' data-slick-prev=\"fa fa-chevron-left\" data-slick-next=\"fa fa-chevron-right\">[vc_single_image image=\u00bb15871&#8243; img_size=\u00bbfull\u00bb onclick=\u00bbcustom_link\u00bb link=\u00bb#\u00bb][vc_single_image image=\u00bb15873&#8243; img_size=\u00bbfull\u00bb onclick=\u00bbcustom_link\u00bb link=\u00bb#\u00bb][vc_single_image image=\u00bb15875&#8243; img_size=\u00bbfull\u00bb onclick=\u00bbcustom_link\u00bb link=\u00bb#\u00bb][vc_single_image image=\u00bb15879&#8243; img_size=\u00bbfull\u00bb onclick=\u00bbcustom_link\u00bb link=\u00bb#\u00bb][vc_single_image image=\u00bb15881&#8243; img_size=\u00bbfull\u00bb onclick=\u00bbcustom_link\u00bb link=\u00bb#\u00bb]<\/div><div><\/div>[\/vc_column][\/vc_row][vc_row full_width=\u00bbstretch_row_content_no_spaces\u00bb css=\u00bb.vc_custom_1584703389878{padding-top: 10em !important;padding-bottom: 10em !important;background-position: center !important;background-repeat: no-repeat !important;background-size: cover !important;}\u00bb el_id=\u00bbmappa_stabilimento\u00bb][vc_column][vc_gmaps link=\u00bb#E-8_JTNDaWZyYW1lJTIwd2lkdGglM0QlMjI3MDAlMjIlMjBoZWlnaHQlM0QlMjI0NDAlMjIlMjBzcmMlM0QlMjJodHRwcyUzQSUyRiUyRm1hcHMuZ29vZ2xlLmNvbSUyRm1hcHMlM0Z3aWR0aCUzRDcwMCUyNmFtcCUzQmhlaWdodCUzRDQ0MCUyNmFtcCUzQmhsJTNEZW4lMjZhbXAlM0JxJTNEbWFyY2VnYWdsaWElMjUyMENvbG9tYmlhJTI1MkMlMjUyMCUyNTIwRnVuemElMjUyQyUyNTIwQ29sb21iaWElMkIlMjhUaXRvbG8lMjklMjZhbXAlM0JpZSUzRFVURjglMjZhbXAlM0J0JTNEJTI2YW1wJTNCeiUzRDEwJTI2YW1wJTNCaXdsb2MlM0RCJTI2YW1wJTNCb3V0cHV0JTNEZW1iZWQlMjIlMjBmcmFtZWJvcmRlciUzRCUyMjAlMjIlMjBzY3JvbGxpbmclM0QlMjJubyUyMiUyMG1hcmdpbmhlaWdodCUzRCUyMjAlMjIlMjBtYXJnaW53aWR0aCUzRCUyMjAlMjIlM0UlM0MlMkZpZnJhbWUlM0U=\u00bb size=\u00bb300&#8243;][\/vc_column][\/vc_row]<\/p>\n<\/div>","protected":false},"excerpt":{"rendered":"<p>[vc_row full_width=\u00bbstretch_row_content_no_spaces\u00bb css=\u00bb.vc_custom_1602515117165{margin-bottom: 2em !important;background-image: url(http:\/\/marcegaglia.co\/wp-content\/uploads\/2020\/09\/DSCF1108_lav_stabilimento_impianto_1920x306.jpg?id=15877) !important;background-position: center !important;background-repeat: no-repeat !important;background-size: &#8230; <\/p>\n","protected":false},"author":1,"featured_media":0,"parent":0,"menu_order":0,"comment_status":"closed","ping_status":"closed","template":"","meta":{"footnotes":""},"class_list":["post-15851","page","type-page","status-publish","hentry"],"yoast_head":"<!-- This site is optimized with the Yoast SEO plugin v25.4 - https:\/\/yoast.com\/wordpress\/plugins\/seo\/ -->\n<title>Marcegaglia Colombia - Marcegaglia Colombia<\/title>\n<meta name=\"robots\" content=\"index, follow, max-snippet:-1, max-image-preview:large, max-video-preview:-1\" \/>\n<link rel=\"canonical\" href=\"https:\/\/marcegaglia.co\/es\/marcegaglia-colombia\/\" \/>\n<meta property=\"og:locale\" content=\"es_ES\" \/>\n<meta property=\"og:type\" content=\"article\" \/>\n<meta property=\"og:title\" content=\"Marcegaglia Colombia - Marcegaglia Colombia\" \/>\n<meta property=\"og:description\" content=\"[vc_row full_width=\u00bbstretch_row_content_no_spaces\u00bb css=\u00bb.vc_custom_1602515117165{margin-bottom: 2em !important;background-image: url(http:\/\/marcegaglia.co\/wp-content\/uploads\/2020\/09\/DSCF1108_lav_stabilimento_impianto_1920x306.jpg?id=15877) !important;background-position: center !important;background-repeat: no-repeat !important;background-size: ...\" \/>\n<meta property=\"og:url\" content=\"https:\/\/marcegaglia.co\/es\/marcegaglia-colombia\/\" \/>\n<meta property=\"og:site_name\" content=\"Marcegaglia Colombia\" \/>\n<meta property=\"article:modified_time\" content=\"2024-04-17T15:36:46+00:00\" \/>\n<meta name=\"twitter:card\" content=\"summary_large_image\" \/>\n<meta name=\"twitter:label1\" content=\"Tiempo de lectura\" \/>\n\t<meta name=\"twitter:data1\" content=\"3 minutos\" \/>\n<script type=\"application\/ld+json\" class=\"yoast-schema-graph\">{\"@context\":\"https:\/\/schema.org\",\"@graph\":[{\"@type\":\"WebPage\",\"@id\":\"https:\/\/marcegaglia.co\/es\/marcegaglia-colombia\/\",\"url\":\"https:\/\/marcegaglia.co\/es\/marcegaglia-colombia\/\",\"name\":\"Marcegaglia Colombia - Marcegaglia Colombia\",\"isPartOf\":{\"@id\":\"https:\/\/marcegaglia.co\/en\/#website\"},\"datePublished\":\"2020-09-29T10:14:55+00:00\",\"dateModified\":\"2024-04-17T15:36:46+00:00\",\"breadcrumb\":{\"@id\":\"https:\/\/marcegaglia.co\/es\/marcegaglia-colombia\/#breadcrumb\"},\"inLanguage\":\"es\",\"potentialAction\":[{\"@type\":\"ReadAction\",\"target\":[\"https:\/\/marcegaglia.co\/es\/marcegaglia-colombia\/\"]}]},{\"@type\":\"BreadcrumbList\",\"@id\":\"https:\/\/marcegaglia.co\/es\/marcegaglia-colombia\/#breadcrumb\",\"itemListElement\":[{\"@type\":\"ListItem\",\"position\":1,\"name\":\"Home\",\"item\":\"https:\/\/marcegaglia.co\/en\/\"},{\"@type\":\"ListItem\",\"position\":2,\"name\":\"Marcegaglia Colombia\"}]},{\"@type\":\"WebSite\",\"@id\":\"https:\/\/marcegaglia.co\/en\/#website\",\"url\":\"https:\/\/marcegaglia.co\/en\/\",\"name\":\"Marcegaglia Colombia\",\"description\":\"We give shape to steel\",\"potentialAction\":[{\"@type\":\"SearchAction\",\"target\":{\"@type\":\"EntryPoint\",\"urlTemplate\":\"https:\/\/marcegaglia.co\/en\/?s={search_term_string}\"},\"query-input\":{\"@type\":\"PropertyValueSpecification\",\"valueRequired\":true,\"valueName\":\"search_term_string\"}}],\"inLanguage\":\"es\"}]}<\/script>\n<!-- \/ Yoast SEO plugin. -->","yoast_head_json":{"title":"Marcegaglia Colombia - Marcegaglia Colombia","robots":{"index":"index","follow":"follow","max-snippet":"max-snippet:-1","max-image-preview":"max-image-preview:large","max-video-preview":"max-video-preview:-1"},"canonical":"https:\/\/marcegaglia.co\/es\/marcegaglia-colombia\/","og_locale":"es_ES","og_type":"article","og_title":"Marcegaglia Colombia - Marcegaglia Colombia","og_description":"[vc_row full_width=\u00bbstretch_row_content_no_spaces\u00bb css=\u00bb.vc_custom_1602515117165{margin-bottom: 2em !important;background-image: url(http:\/\/marcegaglia.co\/wp-content\/uploads\/2020\/09\/DSCF1108_lav_stabilimento_impianto_1920x306.jpg?id=15877) !important;background-position: center !important;background-repeat: no-repeat !important;background-size: ...","og_url":"https:\/\/marcegaglia.co\/es\/marcegaglia-colombia\/","og_site_name":"Marcegaglia Colombia","article_modified_time":"2024-04-17T15:36:46+00:00","twitter_card":"summary_large_image","twitter_misc":{"Tiempo de lectura":"3 minutos"},"schema":{"@context":"https:\/\/schema.org","@graph":[{"@type":"WebPage","@id":"https:\/\/marcegaglia.co\/es\/marcegaglia-colombia\/","url":"https:\/\/marcegaglia.co\/es\/marcegaglia-colombia\/","name":"Marcegaglia Colombia - Marcegaglia Colombia","isPartOf":{"@id":"https:\/\/marcegaglia.co\/en\/#website"},"datePublished":"2020-09-29T10:14:55+00:00","dateModified":"2024-04-17T15:36:46+00:00","breadcrumb":{"@id":"https:\/\/marcegaglia.co\/es\/marcegaglia-colombia\/#breadcrumb"},"inLanguage":"es","potentialAction":[{"@type":"ReadAction","target":["https:\/\/marcegaglia.co\/es\/marcegaglia-colombia\/"]}]},{"@type":"BreadcrumbList","@id":"https:\/\/marcegaglia.co\/es\/marcegaglia-colombia\/#breadcrumb","itemListElement":[{"@type":"ListItem","position":1,"name":"Home","item":"https:\/\/marcegaglia.co\/en\/"},{"@type":"ListItem","position":2,"name":"Marcegaglia Colombia"}]},{"@type":"WebSite","@id":"https:\/\/marcegaglia.co\/en\/#website","url":"https:\/\/marcegaglia.co\/en\/","name":"Marcegaglia Colombia","description":"We give shape to steel","potentialAction":[{"@type":"SearchAction","target":{"@type":"EntryPoint","urlTemplate":"https:\/\/marcegaglia.co\/en\/?s={search_term_string}"},"query-input":{"@type":"PropertyValueSpecification","valueRequired":true,"valueName":"search_term_string"}}],"inLanguage":"es"}]}},"_links":{"self":[{"href":"https:\/\/marcegaglia.co\/es\/wp-json\/wp\/v2\/pages\/15851","targetHints":{"allow":["GET"]}}],"collection":[{"href":"https:\/\/marcegaglia.co\/es\/wp-json\/wp\/v2\/pages"}],"about":[{"href":"https:\/\/marcegaglia.co\/es\/wp-json\/wp\/v2\/types\/page"}],"author":[{"embeddable":true,"href":"https:\/\/marcegaglia.co\/es\/wp-json\/wp\/v2\/users\/1"}],"replies":[{"embeddable":true,"href":"https:\/\/marcegaglia.co\/es\/wp-json\/wp\/v2\/comments?post=15851"}],"version-history":[{"count":5,"href":"https:\/\/marcegaglia.co\/es\/wp-json\/wp\/v2\/pages\/15851\/revisions"}],"predecessor-version":[{"id":16842,"href":"https:\/\/marcegaglia.co\/es\/wp-json\/wp\/v2\/pages\/15851\/revisions\/16842"}],"wp:attachment":[{"href":"https:\/\/marcegaglia.co\/es\/wp-json\/wp\/v2\/media?parent=15851"}],"curies":[{"name":"wp","href":"https:\/\/api.w.org\/{rel}","templated":true}]}}