{"id":15828,"date":"2020-09-29T10:14:55","date_gmt":"2020-09-29T10:14:55","guid":{"rendered":"http:\/\/marcegaglia.co\/productos-y-componentes-de-refrigeracion\/"},"modified":"2020-11-24T09:10:49","modified_gmt":"2020-11-24T09:10:49","slug":"productos-y-componentes-de-refrigeracion","status":"publish","type":"page","link":"https:\/\/marcegaglia.co\/es\/productos-y-componentes-de-refrigeracion\/","title":{"rendered":"Productos y componentes de refrigeraci\u00f3n"},"content":{"rendered":"<div class=\"wpb-content-wrapper\"><p>[vc_row full_width=\u00bbstretch_row_content_no_spaces\u00bb equal_height=\u00bbyes\u00bb content_placement=\u00bbmiddle\u00bb css=\u00bb.vc_custom_1602516038578{margin-bottom: 2em !important;background-position: center !important;background-repeat: no-repeat !important;background-size: cover !important;}\u00bb el_id=\u00bbdesk\u00bb][vc_column width=\u00bb1\/4&#8243; css=\u00bb.vc_custom_1588168585508{padding-top: 7em !important;padding-bottom: 7em !important;background-position: center !important;background-repeat: no-repeat !important;background-size: cover !important;}\u00bb el_id=\u00bbcarbon_steel_welded_tubes_clmn\u00bb][vc_column_text]<\/p>\n<h4 style=\"text-align: center;\"><span style=\"color: #ffffff;\">MARCOS CALEFACTORES Y SKIN CONDENSADOR<\/span><\/h4>\n<p>[\/vc_column_text][vc_empty_space height=\u00bb15px\u00bb]<div class=\"cz_btn_center\"><div class=\"cz_106459_p\"><a id=\"cz_106459\" class=\"cz_106459 cz_btn cz_btn_txt_no_fx cz_btn_no_fx\" href=\"http:\/\/marcegaglia.co\/es\/tubos-soldados-de-acero-al-carbono\/\" title=\"Tubos soldados de acero al carbono\" aria-label=\"Tubos soldados de acero al carbono\"><span><strong>DESCUBRA<\/strong><\/span><b class=\"cz_btn_onhover\"><strong>DESCUBRA<\/strong><\/b><\/a><\/div><\/div>[\/vc_column][vc_column width=\u00bb1\/4&#8243; el_id=\u00bbcol_prd_4&#8243; offset=\u00bbvc_hidden-sm vc_hidden-xs\u00bb css=\u00bb.vc_custom_1602516001300{padding-top: 7em !important;padding-bottom: 7em !important;}\u00bb][vc_column_text]<\/p>\n<h4 style=\"text-align: center;\"><span style=\"color: #ffffff;\">CONDENSADOR TUBOS Y ALAMBRES<\/span><\/h4>\n<p>[\/vc_column_text][vc_empty_space height=\u00bb15px\u00bb]<div class=\"cz_btn_center\"><div class=\"cz_42171_p\"><a id=\"cz_42171\" class=\"cz_42171 cz_btn cz_btn_txt_no_fx cz_btn_no_fx\" href=\"http:\/\/marcegaglia.co\/es\/condensador-tubos-y-alambres\/\" title=\"Condensador tubos y alambres\" aria-label=\"Condensador tubos y alambres\"><span><strong>DESCUBRA<\/strong><\/span><b class=\"cz_btn_onhover\"><strong>DESCUBRA<\/strong><\/b><\/a><\/div><\/div>[\/vc_column][vc_column width=\u00bb1\/4&#8243; el_id=\u00bbtrafilati_tubes_clmn\u00bb offset=\u00bbvc_hidden-sm vc_hidden-xs\u00bb css=\u00bb.vc_custom_1594713682777{padding-top: 7em !important;padding-bottom: 7em !important;}\u00bb][vc_column_text]<\/p>\n<h4 style=\"text-align: center;\"><span style=\"color: #ffffff;\">NO FROST EVAPORADORES ALUMINIO<\/span><\/h4>\n<p>[\/vc_column_text][vc_empty_space height=\u00bb15px\u00bb]<div class=\"cz_btn_center\"><div class=\"cz_64242_p\"><a id=\"cz_64242\" class=\"cz_64242 cz_btn cz_btn_txt_no_fx cz_btn_no_fx\" href=\"http:\/\/marcegaglia.co\/es\/tubos-y-laminillas-de-aluminio-para-evaporadores-no-frost\/\" title=\"Condensador tubos y alambres\" aria-label=\"Condensador tubos y alambres\"><span><strong>DESCUBRA<\/strong><\/span><b class=\"cz_btn_onhover\"><strong>DESCUBRA<\/strong><\/b><\/a><\/div><\/div>[\/vc_column][vc_column width=\u00bb1\/4&#8243; css=\u00bb.vc_custom_1588168579684{padding-top: 7em !important;padding-bottom: 7em !important;background-position: center !important;background-repeat: no-repeat !important;background-size: cover !important;}\u00bb el_id=\u00bbrefrigeration_tubes_clmn\u00bb][vc_column_text]<\/p>\n<h4 style=\"text-align: center;\"><span style=\"color: #ffffff;\">TUBOS DE COBRE<\/span><\/h4>\n<p>[\/vc_column_text][vc_empty_space height=\u00bb15px\u00bb]<div class=\"cz_btn_center\"><div class=\"cz_74713_p\"><a id=\"cz_74713\" class=\"cz_74713 cz_btn cz_btn_txt_no_fx cz_btn_no_fx\" href=\"http:\/\/marcegaglia.co\/es\/tubos-de-cobre\/\" title=\"Condensador tubos y chapas\" aria-label=\"Condensador tubos y chapas\"><span><strong>DESCUBRA<\/strong><\/span><b class=\"cz_btn_onhover\"><strong>DESCUBRA<\/strong><\/b><\/a><\/div><\/div>[\/vc_column][\/vc_row][vc_row full_width=\u00bbstretch_row_content_no_spaces\u00bb css=\u00bb.vc_custom_1588168234605{margin-bottom: 2em !important;background-position: center !important;background-repeat: no-repeat !important;background-size: cover !important;}\u00bb el_id=\u00bbresp\u00bb][vc_column width=\u00bb1\/4&#8243; css=\u00bb.vc_custom_1588168299012{padding-top: 5em !important;padding-bottom: 5em !important;background-image: url(https:\/\/www.marcegaglia.pl\/wp-content\/uploads\/2020\/04\/01-Marcegaglia-Poland-carbon-steel-welded-tubes_636x306.jpg?id=9374) !important;background-position: center !important;background-repeat: no-repeat !important;background-size: cover !important;}\u00bb offset=\u00bbvc_hidden-lg\u00bb][vc_column_text]<\/p>\n<h4 style=\"text-align: center;\"><span style=\"color: #ffffff;\">MARCOS CALEFACTORES Y SKIN CONDENSADOR<\/span><\/h4>\n<p>[\/vc_column_text][vc_empty_space height=\u00bb15px\u00bb]<div class=\"cz_btn_center\"><div class=\"cz_106459_p\"><a id=\"cz_106459\" class=\"cz_106459 cz_btn cz_btn_txt_no_fx cz_btn_no_fx\" href=\"http:\/\/marcegaglia.co\/es\/tubos-soldados-de-acero-al-carbono\/\" title=\"Tubos soldados de acero al carbono\" aria-label=\"Tubos soldados de acero al carbono\"><span><strong>DESCUBRA<\/strong><\/span><b class=\"cz_btn_onhover\"><strong>DESCUBRA<\/strong><\/b><\/a><\/div><\/div>[\/vc_column][vc_column width=\u00bb1\/4&#8243; offset=\u00bbvc_hidden-lg vc_hidden-md\u00bb][vc_column_text]<\/p>\n<h4 style=\"text-align: center;\"><span style=\"color: #ffffff;\">CONDENSADOR TUBOS Y ALAMBRES<\/span><\/h4>\n<p>[\/vc_column_text][vc_empty_space height=\u00bb15px\u00bb]<div class=\"cz_btn_center\"><div class=\"cz_42171_p\"><a id=\"cz_42171\" class=\"cz_42171 cz_btn cz_btn_txt_no_fx cz_btn_no_fx\" href=\"http:\/\/marcegaglia.co\/es\/condensador-tubos-y-alambres\/\" title=\"Condensador tubos y alambres\" aria-label=\"Condensador tubos y alambres\"><span><strong>DESCUBRA<\/strong><\/span><b class=\"cz_btn_onhover\"><strong>DESCUBRA<\/strong><\/b><\/a><\/div><\/div>[\/vc_column][vc_column width=\u00bb1\/4&#8243; el_id=\u00bbtrafilati_tubes_clmn\u00bb offset=\u00bbvc_hidden-lg vc_hidden-md\u00bb css=\u00bb.vc_custom_1594713694822{padding-top: 5em !important;padding-bottom: 5em !important;}\u00bb][vc_column_text]<\/p>\n<h4 style=\"text-align: center;\"><span style=\"color: #ffffff;\">NO FROST EVAPORADORES ALUMINIO<\/span><\/h4>\n<p>[\/vc_column_text][vc_empty_space height=\u00bb15px\u00bb]<div class=\"cz_btn_center\"><div class=\"cz_64242_p\"><a id=\"cz_64242\" class=\"cz_64242 cz_btn cz_btn_txt_no_fx cz_btn_no_fx\" href=\"http:\/\/marcegaglia.co\/es\/tubos-y-laminillas-de-aluminio-para-evaporadores-no-frost\/\" title=\"Condensador tubos y alambres\" aria-label=\"Condensador tubos y alambres\"><span><strong>DESCUBRA<\/strong><\/span><b class=\"cz_btn_onhover\"><strong>DESCUBRA<\/strong><\/b><\/a><\/div><\/div>[\/vc_column][vc_column width=\u00bb1\/4&#8243; css=\u00bb.vc_custom_1588168325004{padding-top: 5em !important;padding-bottom: 5em !important;background-image: url(https:\/\/www.marcegaglia.pl\/wp-content\/uploads\/2020\/04\/02-Marcegaglia-Poland-carbon-steel-refrigeration-tubes_636x306.jpg?id=9376) !important;background-position: center !important;background-repeat: no-repeat !important;background-size: cover !important;}\u00bb offset=\u00bbvc_hidden-lg\u00bb][vc_column_text]<\/p>\n<h4 style=\"text-align: center;\"><span style=\"color: #ffffff;\">TUBOS DE COBRE<\/span><\/h4>\n<p>[\/vc_column_text][vc_empty_space height=\u00bb15px\u00bb]<div class=\"cz_btn_center\"><div class=\"cz_74713_p\"><a id=\"cz_74713\" class=\"cz_74713 cz_btn cz_btn_txt_no_fx cz_btn_no_fx\" href=\"http:\/\/marcegaglia.co\/es\/tubos-de-cobre\/\" title=\"Condensador tubos y chapas\" aria-label=\"Condensador tubos y chapas\"><span><strong>DESCUBRA<\/strong><\/span><b class=\"cz_btn_onhover\"><strong>DESCUBRA<\/strong><\/b><\/a><\/div><\/div>[\/vc_column][\/vc_row][vc_row full_width=\u00bbstretch_row\u00bb content_placement=\u00bbmiddle\u00bb css=\u00bb.vc_custom_1584702828627{margin-bottom: 2em !important;background-position: center !important;background-repeat: no-repeat !important;background-size: cover !important;}\u00bb][vc_column][vc_empty_space height=\u00bb20px\u00bb][vc_column_text]<\/p>\n<h2><strong>PRODUCTOS Y COMPONENTES DE REFRIGERACI\u00d3N<\/strong><\/h2>\n<p>[\/vc_column_text][vc_empty_space height=\u00bb20px\u00bb][vc_column_text]La gama de productos dedicados de Marcegaglia Colombia se fabrica de acuerdo con las normas y tolerancias espec\u00edficas del sector, convirti\u00e9ndose en l\u00edder en el sector de la refrigeraci\u00f3n y aumentando constantemente las inversiones. El negocio principal de la empresa se centra en la producci\u00f3n seg\u00fan especificaciones del cliente de componentes en acero, aluminio y cobre, para satisfacer las necesidades de un mercado en constante evoluci\u00f3n. La producci\u00f3n se prueba minuciosamente para permitir su uso en aplicaciones como condensadores y evaporadores para calefacci\u00f3n y sistemas de refrigeraci\u00f3n y electrodom\u00e9sticos. Versatilidad, econom\u00eda y alta resistencia a la corrosi\u00f3n completan las caracter\u00edsticas de los tubos de refrigeraci\u00f3n de acero.<\/p>\n<p>El proceso de producci\u00f3n se lleva a cabo conjuntamente en las unidades de fabricaci\u00f3n de <strong>Garuva<\/strong> (Brasil), <strong>Funza<\/strong> (Colombia), <strong>Praszka<\/strong> (Polonia), <strong>Forl\u00ec<\/strong> y <strong>Fontanafredda<\/strong> (Italia).[\/vc_column_text][\/vc_column][\/vc_row]<\/p>\n<\/div>","protected":false},"excerpt":{"rendered":"<p>[vc_row full_width=\u00bbstretch_row_content_no_spaces\u00bb equal_height=\u00bbyes\u00bb content_placement=\u00bbmiddle\u00bb css=\u00bb.vc_custom_1602516038578{margin-bottom: 2em !important;background-position: center !important;background-repeat: no-repeat !important;background-size: &#8230; <\/p>\n","protected":false},"author":1,"featured_media":0,"parent":0,"menu_order":0,"comment_status":"closed","ping_status":"closed","template":"","meta":{"footnotes":""},"class_list":["post-15828","page","type-page","status-publish","hentry"],"yoast_head":"<!-- This site is optimized with the Yoast SEO plugin v25.4 - https:\/\/yoast.com\/wordpress\/plugins\/seo\/ -->\n<title>Productos y componentes de refrigeraci\u00f3n - Marcegaglia Colombia<\/title>\n<meta name=\"robots\" content=\"index, follow, max-snippet:-1, max-image-preview:large, max-video-preview:-1\" \/>\n<link rel=\"canonical\" href=\"https:\/\/marcegaglia.co\/es\/productos-y-componentes-de-refrigeracion\/\" \/>\n<meta property=\"og:locale\" content=\"es_ES\" \/>\n<meta property=\"og:type\" content=\"article\" \/>\n<meta property=\"og:title\" content=\"Productos y componentes de refrigeraci\u00f3n - Marcegaglia Colombia\" \/>\n<meta property=\"og:description\" content=\"[vc_row full_width=\u00bbstretch_row_content_no_spaces\u00bb equal_height=\u00bbyes\u00bb content_placement=\u00bbmiddle\u00bb css=\u00bb.vc_custom_1602516038578{margin-bottom: 2em !important;background-position: center !important;background-repeat: no-repeat !important;background-size: ...\" \/>\n<meta property=\"og:url\" content=\"https:\/\/marcegaglia.co\/es\/productos-y-componentes-de-refrigeracion\/\" \/>\n<meta property=\"og:site_name\" content=\"Marcegaglia Colombia\" \/>\n<meta property=\"article:modified_time\" content=\"2020-11-24T09:10:49+00:00\" \/>\n<meta name=\"twitter:card\" content=\"summary_large_image\" \/>\n<meta name=\"twitter:label1\" content=\"Tiempo de lectura\" \/>\n\t<meta name=\"twitter:data1\" content=\"5 minutos\" \/>\n<script type=\"application\/ld+json\" class=\"yoast-schema-graph\">{\"@context\":\"https:\/\/schema.org\",\"@graph\":[{\"@type\":\"WebPage\",\"@id\":\"https:\/\/marcegaglia.co\/es\/productos-y-componentes-de-refrigeracion\/\",\"url\":\"https:\/\/marcegaglia.co\/es\/productos-y-componentes-de-refrigeracion\/\",\"name\":\"Productos y componentes de refrigeraci\u00f3n - Marcegaglia Colombia\",\"isPartOf\":{\"@id\":\"https:\/\/marcegaglia.co\/en\/#website\"},\"datePublished\":\"2020-09-29T10:14:55+00:00\",\"dateModified\":\"2020-11-24T09:10:49+00:00\",\"breadcrumb\":{\"@id\":\"https:\/\/marcegaglia.co\/es\/productos-y-componentes-de-refrigeracion\/#breadcrumb\"},\"inLanguage\":\"es\",\"potentialAction\":[{\"@type\":\"ReadAction\",\"target\":[\"https:\/\/marcegaglia.co\/es\/productos-y-componentes-de-refrigeracion\/\"]}]},{\"@type\":\"BreadcrumbList\",\"@id\":\"https:\/\/marcegaglia.co\/es\/productos-y-componentes-de-refrigeracion\/#breadcrumb\",\"itemListElement\":[{\"@type\":\"ListItem\",\"position\":1,\"name\":\"Home\",\"item\":\"https:\/\/marcegaglia.co\/en\/\"},{\"@type\":\"ListItem\",\"position\":2,\"name\":\"Productos y componentes de refrigeraci\u00f3n\"}]},{\"@type\":\"WebSite\",\"@id\":\"https:\/\/marcegaglia.co\/en\/#website\",\"url\":\"https:\/\/marcegaglia.co\/en\/\",\"name\":\"Marcegaglia Colombia\",\"description\":\"We give shape to steel\",\"potentialAction\":[{\"@type\":\"SearchAction\",\"target\":{\"@type\":\"EntryPoint\",\"urlTemplate\":\"https:\/\/marcegaglia.co\/en\/?s={search_term_string}\"},\"query-input\":{\"@type\":\"PropertyValueSpecification\",\"valueRequired\":true,\"valueName\":\"search_term_string\"}}],\"inLanguage\":\"es\"}]}<\/script>\n<!-- \/ Yoast SEO plugin. -->","yoast_head_json":{"title":"Productos y componentes de refrigeraci\u00f3n - Marcegaglia Colombia","robots":{"index":"index","follow":"follow","max-snippet":"max-snippet:-1","max-image-preview":"max-image-preview:large","max-video-preview":"max-video-preview:-1"},"canonical":"https:\/\/marcegaglia.co\/es\/productos-y-componentes-de-refrigeracion\/","og_locale":"es_ES","og_type":"article","og_title":"Productos y componentes de refrigeraci\u00f3n - Marcegaglia Colombia","og_description":"[vc_row full_width=\u00bbstretch_row_content_no_spaces\u00bb equal_height=\u00bbyes\u00bb content_placement=\u00bbmiddle\u00bb css=\u00bb.vc_custom_1602516038578{margin-bottom: 2em !important;background-position: center !important;background-repeat: no-repeat !important;background-size: ...","og_url":"https:\/\/marcegaglia.co\/es\/productos-y-componentes-de-refrigeracion\/","og_site_name":"Marcegaglia Colombia","article_modified_time":"2020-11-24T09:10:49+00:00","twitter_card":"summary_large_image","twitter_misc":{"Tiempo de lectura":"5 minutos"},"schema":{"@context":"https:\/\/schema.org","@graph":[{"@type":"WebPage","@id":"https:\/\/marcegaglia.co\/es\/productos-y-componentes-de-refrigeracion\/","url":"https:\/\/marcegaglia.co\/es\/productos-y-componentes-de-refrigeracion\/","name":"Productos y componentes de refrigeraci\u00f3n - Marcegaglia Colombia","isPartOf":{"@id":"https:\/\/marcegaglia.co\/en\/#website"},"datePublished":"2020-09-29T10:14:55+00:00","dateModified":"2020-11-24T09:10:49+00:00","breadcrumb":{"@id":"https:\/\/marcegaglia.co\/es\/productos-y-componentes-de-refrigeracion\/#breadcrumb"},"inLanguage":"es","potentialAction":[{"@type":"ReadAction","target":["https:\/\/marcegaglia.co\/es\/productos-y-componentes-de-refrigeracion\/"]}]},{"@type":"BreadcrumbList","@id":"https:\/\/marcegaglia.co\/es\/productos-y-componentes-de-refrigeracion\/#breadcrumb","itemListElement":[{"@type":"ListItem","position":1,"name":"Home","item":"https:\/\/marcegaglia.co\/en\/"},{"@type":"ListItem","position":2,"name":"Productos y componentes de refrigeraci\u00f3n"}]},{"@type":"WebSite","@id":"https:\/\/marcegaglia.co\/en\/#website","url":"https:\/\/marcegaglia.co\/en\/","name":"Marcegaglia Colombia","description":"We give shape to steel","potentialAction":[{"@type":"SearchAction","target":{"@type":"EntryPoint","urlTemplate":"https:\/\/marcegaglia.co\/en\/?s={search_term_string}"},"query-input":{"@type":"PropertyValueSpecification","valueRequired":true,"valueName":"search_term_string"}}],"inLanguage":"es"}]}},"_links":{"self":[{"href":"https:\/\/marcegaglia.co\/es\/wp-json\/wp\/v2\/pages\/15828","targetHints":{"allow":["GET"]}}],"collection":[{"href":"https:\/\/marcegaglia.co\/es\/wp-json\/wp\/v2\/pages"}],"about":[{"href":"https:\/\/marcegaglia.co\/es\/wp-json\/wp\/v2\/types\/page"}],"author":[{"embeddable":true,"href":"https:\/\/marcegaglia.co\/es\/wp-json\/wp\/v2\/users\/1"}],"replies":[{"embeddable":true,"href":"https:\/\/marcegaglia.co\/es\/wp-json\/wp\/v2\/comments?post=15828"}],"version-history":[{"count":5,"href":"https:\/\/marcegaglia.co\/es\/wp-json\/wp\/v2\/pages\/15828\/revisions"}],"predecessor-version":[{"id":16450,"href":"https:\/\/marcegaglia.co\/es\/wp-json\/wp\/v2\/pages\/15828\/revisions\/16450"}],"wp:attachment":[{"href":"https:\/\/marcegaglia.co\/es\/wp-json\/wp\/v2\/media?parent=15828"}],"curies":[{"name":"wp","href":"https:\/\/api.w.org\/{rel}","templated":true}]}}