{"id":15793,"date":"2020-09-29T10:38:15","date_gmt":"2020-09-29T10:38:15","guid":{"rendered":"http:\/\/marcegaglia.co\/condensador-tubos-y-chapas\/"},"modified":"2025-01-22T17:10:54","modified_gmt":"2025-01-22T17:10:54","slug":"no-frost-evaporadores-aluminio","status":"publish","type":"page","link":"https:\/\/marcegaglia.co\/es\/no-frost-evaporadores-aluminio\/","title":{"rendered":"No frost evaporadores aluminio"},"content":{"rendered":"<div class=\"wpb-content-wrapper\"><p>[vc_row full_width=\u00bbstretch_row_content_no_spaces\u00bb css=\u00bb.vc_custom_1602071500596{margin-bottom: 2em !important;background-image: url(http:\/\/marcegaglia.co\/wp-content\/uploads\/2020\/10\/mx_testata.jpg?id=15972) !important;background-position: center !important;background-repeat: no-repeat !important;background-size: cover !important;}\u00bb el_id=\u00bbdesk\u00bb][vc_column css=\u00bb.vc_custom_1588591974425{padding-top: 10em !important;padding-bottom: 10em !important;background-position: center !important;background-repeat: no-repeat !important;background-size: cover !important;}\u00bb el_id=\u00bbdesk\u00bb offset=\u00bbvc_hidden-sm vc_hidden-xs\u00bb][\/vc_column][\/vc_row][vc_row full_width=\u00bbstretch_row_content_no_spaces\u00bb css=\u00bb.vc_custom_1602071509363{margin-bottom: 2em !important;padding-top: 5em !important;padding-bottom: 5em !important;background-image: url(http:\/\/marcegaglia.co\/wp-content\/uploads\/2020\/10\/mx_testata.jpg?id=15972) !important;background-position: center !important;background-repeat: no-repeat !important;background-size: cover !important;}\u00bb el_id=\u00bbresp\u00bb][vc_column css=\u00bb.vc_custom_1588592239658{background-position: center !important;background-repeat: no-repeat !important;background-size: cover !important;}\u00bb el_id=\u00bbresp\u00bb offset=\u00bbvc_hidden-lg vc_hidden-md\u00bb][\/vc_column][\/vc_row][vc_row full_width=\u00bbstretch_row\u00bb css=\u00bb.vc_custom_1585049350308{margin-bottom: 2em !important;background-position: center !important;background-repeat: no-repeat !important;background-size: cover !important;}\u00bb][vc_column][vc_column_text]\/<a href=\"http:\/\/mmmessico.studiochiesa.it\/es\/productos-y-componentes-de-refrigeracion\/\">Productos y componentes de refrigeraci\u00f3n<\/a>\/No frost evaporadores aluminio[\/vc_column_text][\/vc_column][\/vc_row][vc_row full_width=\u00bbstretch_row\u00bb css=\u00bb.vc_custom_1585049350308{margin-bottom: 2em !important;background-position: center !important;background-repeat: no-repeat !important;background-size: cover !important;}\u00bb][vc_column width=\u00bb1\/2&#8243;][vc_column_text]<\/p>\n<h2>NO FROST EVAPORADORES ALUMINIO<\/h2>\n<p>[\/vc_column_text][vc_empty_space height=\u00bb20px\u00bb][vc_column_text]Marcegaglia Colombia produce una amplia gama de<strong> tubos<\/strong> y <strong>laminillas de aluminio<\/strong> para <strong>evaporadores no frost.<\/strong><\/p>\n<p>La gama de productos de Marcegaglia Colombia se enriquece con<strong> tubos <\/strong>y<strong> l\u00e1minillas de aluminio<\/strong> seg\u00fan las normas de fabricaci\u00f3n <strong>ASTM 1070<\/strong> y <strong>ASTM 8011 H19<\/strong>.[\/vc_column_text][vc_empty_space height=\u00bb20px\u00bb][vc_row_inner el_id=\u00bbresp\u00bb css=\u00bb.vc_custom_1594717890896{margin-bottom: 1em !important;}\u00bb][vc_column_inner width=\u00bb1\/4&#8243; offset=\u00bbvc_col-xs-4&#8243;][vc_single_image image=\u00bb15727&#8243; img_size=\u00bbfull\u00bb onclick=\u00bbcustom_link\u00bb img_link_target=\u00bb_blank\u00bb link=\u00bbhttp:\/\/mmmessico.studiochiesa.it\/wp-content\/uploads\/2020\/07\/MM_refrigeration_sett2017.pdf\u00bb][\/vc_column_inner][vc_column_inner width=\u00bb1\/4&#8243; offset=\u00bbvc_col-xs-4&#8243;][\/vc_column_inner][vc_column_inner width=\u00bb1\/4&#8243;][\/vc_column_inner][vc_column_inner width=\u00bb1\/4&#8243;][\/vc_column_inner][\/vc_row_inner][vc_column_text]<strong>Tubos de Aluminio<\/strong>[\/vc_column_text][vc_column_text]<\/p>\n<table style=\"width: 100%;\" border=\"0\" cellspacing=\"0\" cellpadding=\"0\">\n<tbody>\n<tr>\n<td style=\"text-align: left; color: #fff;\" colspan=\"2\" bgcolor=\"#36424a\"><strong>GAMA DE PRODUCTOS<\/strong><\/td>\n<\/tr>\n<tr>\n<td style=\"text-align: center;\" width=\"70%\"><strong>Di\u00e1metro ext.<\/strong> mm.<\/td>\n<td style=\"text-align: center;\"><strong>7,94<\/strong><\/td>\n<\/tr>\n<tr>\n<td style=\"text-align: center;\" width=\"70%\"><strong>Tolerancia<\/strong><\/td>\n<td style=\"text-align: center;\"><strong>0,05<\/strong><\/td>\n<\/tr>\n<tr>\n<td style=\"text-align: center;\" width=\"70%\"><strong>Espesor de Pared <\/strong>mm<\/td>\n<td style=\"text-align: center;\"><strong>0,5<\/strong><\/td>\n<\/tr>\n<tr>\n<td style=\"text-align: center;\" width=\"70%\"><strong>Tolerancia<\/strong><\/td>\n<td style=\"text-align: center;\"><strong>0,005<\/strong><\/td>\n<\/tr>\n<\/tbody>\n<\/table>\n<p>[\/vc_column_text][vc_empty_space height=\u00bb20px\u00bb][vc_column_text]<strong>Laminillas de Aluminio <\/strong>[\/vc_column_text][vc_column_text]<\/p>\n<table style=\"width: 100%;\" border=\"0\" cellspacing=\"0\" cellpadding=\"0\">\n<tbody>\n<tr>\n<td style=\"text-align: left; color: #fff;\" colspan=\"2\" bgcolor=\"#36424a\"><strong>GAMA DE PRODUCTOS<\/strong><\/td>\n<\/tr>\n<tr>\n<td style=\"text-align: center;\" width=\"70%\"><strong>Espesor<\/strong> mm.<\/td>\n<td style=\"text-align: center;\"><strong>0,15<\/strong><\/td>\n<\/tr>\n<tr>\n<td style=\"text-align: center;\" width=\"70%\"><strong>Tolerancia<\/strong><\/td>\n<td style=\"text-align: center;\"><strong>0,02<\/strong><\/td>\n<\/tr>\n<tr>\n<td style=\"text-align: center;\" width=\"70%\"><strong>Espesor de Pared <\/strong>mm<\/td>\n<td style=\"text-align: center;\"><strong>50 o 60<br \/>\n<\/strong><\/td>\n<\/tr>\n<tr>\n<td style=\"text-align: center;\" width=\"70%\"><strong>Tolerancia<\/strong><\/td>\n<td style=\"text-align: center;\"><strong>1<\/strong><\/td>\n<\/tr>\n<\/tbody>\n<\/table>\n<p>[\/vc_column_text][vc_empty_space height=\u00bb20px\u00bb][vc_column_text]<\/p>\n<table style=\"width: 100%;\" border=\"0\" cellspacing=\"0\" cellpadding=\"0\">\n<tbody>\n<tr>\n<td style=\"text-align: left; color: #fff;\" colspan=\"2\" bgcolor=\"#36424a\"><strong>NORMAS DE FABRICACI\u00d3N <\/strong><\/td>\n<\/tr>\n<tr>\n<td><strong>ASTM 1070<\/strong><\/td>\n<td>Tubos de Aluminio<\/td>\n<\/tr>\n<tr>\n<td><strong>ASTM 8011 H19<\/strong><\/td>\n<td>Laminillas de Aluminio<\/td>\n<\/tr>\n<\/tbody>\n<\/table>\n<p>[\/vc_column_text][vc_empty_space height=\u00bb20px\u00bb][vc_column_text]<\/p>\n<table class=\"tabella\" style=\"width: 100%;\" border=\"0\" cellspacing=\"0\" cellpadding=\"5\">\n<tbody>\n<tr bgcolor=\"#36424A\">\n<td class=\"titolo-tabella\" colspan=\"4\" align=\"left\" valign=\"top\"><span style=\"color: #ffffff;\"><strong>EMBALAJE EST\u00c1NDAR<\/strong><\/span><\/td>\n<\/tr>\n<tr>\n<td style=\"text-align: left;\" valign=\"top\">Ambas formas de empaque llevan hoja de identificaci\u00f3n donde se especifica nombre del cliente, n\u00famero de parte, cantidad, trazabilidad, unidad de empaque.<\/td>\n<\/tr>\n<tr>\n<td style=\"text-align: left;\" valign=\"top\">\n<ul>\n<li><strong>CLIENTES NACIONALES<br \/>\n<\/strong>Las partes son entregadas empacadas en cajas de cart\u00f3n y\/o huacales de madera, las cajas llevan divisiones de cart\u00f3n entre niveles. Estiba de madera, zunchos pl\u00e1sticos para asegurar caja a estiba. Los huacales de madera son cubiertos con cart\u00f3n y divisiones de cart\u00f3n entre niveles. Estiba de madera, zunchos pl\u00e1sticos para asegurar caja a estiba.<\/li>\n<li><strong>CLIENTES EXTERIOR<br \/>\n<\/strong>Las partes son entregadas empacadas en cajas de cart\u00f3n con divisiones de cart\u00f3n entre niveles. Estiba de madera, zunchos pl\u00e1sticos para asegurar caja a estiba. Hoja de identificaci\u00f3n donde se especifica nombre del cliente, numero de parte, cantidad, trazabilidad, unidad de empaque.<\/li>\n<\/ul>\n<\/td>\n<\/tr>\n<\/tbody>\n<\/table>\n<p>[\/vc_column_text][\/vc_column][vc_column width=\u00bb1\/2&#8243;][vc_row_inner el_id=\u00bbdesk\u00bb][vc_column_inner width=\u00bb1\/4&#8243;][vc_single_image image=\u00bb15727&#8243; img_size=\u00bbfull\u00bb onclick=\u00bbcustom_link\u00bb img_link_target=\u00bb_blank\u00bb link=\u00bbhttp:\/\/mmmessico.studiochiesa.it\/wp-content\/uploads\/2020\/07\/MM_refrigeration_sett2017.pdf\u00bb][\/vc_column_inner][vc_column_inner width=\u00bb1\/4&#8243;][\/vc_column_inner][vc_column_inner width=\u00bb1\/4&#8243;][\/vc_column_inner][vc_column_inner width=\u00bb1\/4&#8243;][\/vc_column_inner][\/vc_row_inner][vc_empty_space height=\u00bb30px\u00bb]<div id=\"cz_95496\" class=\"cz_95496 slick arrows_mlr no_dots arrows_inner\" data-slick='{\"selector\":\"\",\"slidesToShow\":1,\"slidesToScroll\":1,\"rows\":1,\"fade\":true,\"vertical\":false,\"verticalSwiping\":false,\"infinite\":true,\"speed\":1000,\"swipeToSlide\":true,\"centerMode\":false,\"centerPadding\":\"\",\"variableWidth\":false,\"autoplay\":false,\"autoplaySpeed\":4000,\"dots\":true,\"counts\":false,\"adaptiveHeight\":false,\"responsive\":[{\"breakpoint\":769,\"settings\":{\"slidesToShow\":1,\"slidesToScroll\":1,\"infinite\":true,\"touchMove\":true}},{\"breakpoint\":481,\"settings\":{\"slidesToShow\":1,\"slidesToScroll\":1,\"infinite\":true,\"touchMove\":true}}]}' data-slick-prev=\"fa fa-chevron-left\" data-slick-next=\"fa fa-chevron-right\">[vc_single_image image=\u00bb16406&#8243; img_size=\u00bbfull\u00bb][vc_single_image image=\u00bb16408&#8243; img_size=\u00bbfull\u00bb][vc_single_image image=\u00bb16410&#8243; img_size=\u00bbfull\u00bb][vc_single_image image=\u00bb16412&#8243; img_size=\u00bbfull\u00bb][vc_single_image image=\u00bb16414&#8243; img_size=\u00bbfull\u00bb]<\/div><div><\/div>[vc_empty_space height=\u00bb30px\u00bb][vc_column_text]<\/p>\n<h4><strong>Solicitud de informaci\u00f3n<\/strong><\/h4>\n<p>[\/vc_column_text][vc_empty_space height=\u00bb30px\u00bb]\n<div class=\"wpcf7 no-js\" id=\"wpcf7-f12801-o1\" lang=\"it-IT\" dir=\"ltr\" data-wpcf7-id=\"12801\">\n<div class=\"screen-reader-response\"><p role=\"status\" aria-live=\"polite\" aria-atomic=\"true\"><\/p> <ul><\/ul><\/div>\n<form action=\"\/es\/wp-json\/wp\/v2\/pages\/15793#wpcf7-f12801-o1\" method=\"post\" class=\"wpcf7-form init\" aria-label=\"Modulo di contatto\" novalidate=\"novalidate\" data-status=\"init\">\n<fieldset class=\"hidden-fields-container\"><input type=\"hidden\" name=\"_wpcf7\" value=\"12801\" \/><input type=\"hidden\" name=\"_wpcf7_version\" value=\"6.1\" \/><input type=\"hidden\" name=\"_wpcf7_locale\" value=\"it_IT\" \/><input type=\"hidden\" name=\"_wpcf7_unit_tag\" value=\"wpcf7-f12801-o1\" \/><input type=\"hidden\" name=\"_wpcf7_container_post\" value=\"0\" \/><input type=\"hidden\" name=\"_wpcf7_posted_data_hash\" value=\"\" \/><input type=\"hidden\" name=\"_wpcf7_recaptcha_response\" value=\"\" \/>\n<\/fieldset>\n<div class=\"vc_row\">\n\t<div class=\"vc_col-md-6\">\n\t\t<p><span> Nombre * <\/span><br \/>\n<span class=\"wpcf7-form-control-wrap\" data-name=\"your-name\"><input size=\"40\" maxlength=\"400\" class=\"wpcf7-form-control wpcf7-text wpcf7-validates-as-required\" aria-required=\"true\" aria-invalid=\"false\" value=\"\" type=\"text\" name=\"your-name\" \/><\/span>\n\t\t<\/p>\n\t<\/div>\n\t<div class=\"vc_col-md-6\">\n\t\t<p><span> Email * <\/span><br \/>\n<span class=\"wpcf7-form-control-wrap\" data-name=\"your-email\"><input size=\"40\" maxlength=\"400\" class=\"wpcf7-form-control wpcf7-email wpcf7-validates-as-required wpcf7-text wpcf7-validates-as-email\" aria-required=\"true\" aria-invalid=\"false\" value=\"\" type=\"email\" name=\"your-email\" \/><\/span>\n\t\t<\/p>\n\t<\/div>\n\t<div class=\"vc_col-md-12\">\n\t\t<p><span> Tema <\/span><br \/>\n<span class=\"wpcf7-form-control-wrap\" data-name=\"your-subject\"><input size=\"40\" maxlength=\"400\" class=\"wpcf7-form-control wpcf7-text\" aria-invalid=\"false\" value=\"\" type=\"text\" name=\"your-subject\" \/><\/span>\n\t\t<\/p>\n\t<\/div>\n\t<div class=\"vc_col-md-12\">\n\t\t<p><span class=\"wpcf7-form-control-wrap\" data-name=\"your-message\"><textarea cols=\"40\" rows=\"10\" maxlength=\"2000\" class=\"wpcf7-form-control wpcf7-textarea\" aria-invalid=\"false\" placeholder=\"Inserte su mensaje aqu\u00ed..\" name=\"your-message\"><\/textarea><\/span>\n\t\t<\/p>\n\t<\/div>\n\t<div class=\"vc_col-md-12\">\n\t\t<p><input class=\"wpcf7-form-control wpcf7-submit has-spinner\" type=\"submit\" value=\"Env\u00eda\" \/>\n\t\t<\/p>\n\t<\/div>\n<\/div><input type='hidden' class='wpcf7-pum' value='{\"closepopup\":false,\"closedelay\":0,\"openpopup\":false,\"openpopup_id\":0}' \/><div class=\"wpcf7-response-output\" aria-hidden=\"true\"><\/div>\n<\/form>\n<\/div>\n[\/vc_column][\/vc_row]<\/p>\n<\/div>","protected":false},"excerpt":{"rendered":"<p>[vc_row full_width=\u00bbstretch_row_content_no_spaces\u00bb css=\u00bb.vc_custom_1602071500596{margin-bottom: 2em !important;background-image: url(http:\/\/marcegaglia.co\/wp-content\/uploads\/2020\/10\/mx_testata.jpg?id=15972) !important;background-position: center !important;background-repeat: no-repeat !important;background-size: &#8230; <\/p>\n","protected":false},"author":1,"featured_media":0,"parent":0,"menu_order":0,"comment_status":"closed","ping_status":"closed","template":"","meta":{"footnotes":""},"class_list":["post-15793","page","type-page","status-publish","hentry"],"yoast_head":"<!-- This site is optimized with the Yoast SEO plugin v25.4 - https:\/\/yoast.com\/wordpress\/plugins\/seo\/ -->\n<title>No frost evaporadores aluminio - Marcegaglia Colombia<\/title>\n<meta name=\"robots\" content=\"index, follow, max-snippet:-1, max-image-preview:large, max-video-preview:-1\" \/>\n<link rel=\"canonical\" href=\"https:\/\/marcegaglia.co\/es\/no-frost-evaporadores-aluminio\/\" \/>\n<meta property=\"og:locale\" content=\"es_ES\" \/>\n<meta property=\"og:type\" content=\"article\" \/>\n<meta property=\"og:title\" content=\"No frost evaporadores aluminio - Marcegaglia Colombia\" \/>\n<meta property=\"og:description\" content=\"[vc_row full_width=\u00bbstretch_row_content_no_spaces\u00bb css=\u00bb.vc_custom_1602071500596{margin-bottom: 2em !important;background-image: url(http:\/\/marcegaglia.co\/wp-content\/uploads\/2020\/10\/mx_testata.jpg?id=15972) !important;background-position: center !important;background-repeat: no-repeat !important;background-size: ...\" \/>\n<meta property=\"og:url\" content=\"https:\/\/marcegaglia.co\/es\/no-frost-evaporadores-aluminio\/\" \/>\n<meta property=\"og:site_name\" content=\"Marcegaglia Colombia\" \/>\n<meta property=\"article:modified_time\" content=\"2025-01-22T17:10:54+00:00\" \/>\n<meta name=\"twitter:card\" content=\"summary_large_image\" \/>\n<meta name=\"twitter:label1\" content=\"Tiempo de lectura\" \/>\n\t<meta name=\"twitter:data1\" content=\"4 minutos\" \/>\n<script type=\"application\/ld+json\" class=\"yoast-schema-graph\">{\"@context\":\"https:\/\/schema.org\",\"@graph\":[{\"@type\":\"WebPage\",\"@id\":\"https:\/\/marcegaglia.co\/es\/no-frost-evaporadores-aluminio\/\",\"url\":\"https:\/\/marcegaglia.co\/es\/no-frost-evaporadores-aluminio\/\",\"name\":\"No frost evaporadores aluminio - Marcegaglia Colombia\",\"isPartOf\":{\"@id\":\"https:\/\/marcegaglia.co\/en\/#website\"},\"datePublished\":\"2020-09-29T10:38:15+00:00\",\"dateModified\":\"2025-01-22T17:10:54+00:00\",\"breadcrumb\":{\"@id\":\"https:\/\/marcegaglia.co\/es\/no-frost-evaporadores-aluminio\/#breadcrumb\"},\"inLanguage\":\"es\",\"potentialAction\":[{\"@type\":\"ReadAction\",\"target\":[\"https:\/\/marcegaglia.co\/es\/no-frost-evaporadores-aluminio\/\"]}]},{\"@type\":\"BreadcrumbList\",\"@id\":\"https:\/\/marcegaglia.co\/es\/no-frost-evaporadores-aluminio\/#breadcrumb\",\"itemListElement\":[{\"@type\":\"ListItem\",\"position\":1,\"name\":\"Home\",\"item\":\"https:\/\/marcegaglia.co\/en\/\"},{\"@type\":\"ListItem\",\"position\":2,\"name\":\"No frost evaporadores aluminio\"}]},{\"@type\":\"WebSite\",\"@id\":\"https:\/\/marcegaglia.co\/en\/#website\",\"url\":\"https:\/\/marcegaglia.co\/en\/\",\"name\":\"Marcegaglia Colombia\",\"description\":\"We give shape to steel\",\"potentialAction\":[{\"@type\":\"SearchAction\",\"target\":{\"@type\":\"EntryPoint\",\"urlTemplate\":\"https:\/\/marcegaglia.co\/en\/?s={search_term_string}\"},\"query-input\":{\"@type\":\"PropertyValueSpecification\",\"valueRequired\":true,\"valueName\":\"search_term_string\"}}],\"inLanguage\":\"es\"}]}<\/script>\n<!-- \/ Yoast SEO plugin. -->","yoast_head_json":{"title":"No frost evaporadores aluminio - Marcegaglia Colombia","robots":{"index":"index","follow":"follow","max-snippet":"max-snippet:-1","max-image-preview":"max-image-preview:large","max-video-preview":"max-video-preview:-1"},"canonical":"https:\/\/marcegaglia.co\/es\/no-frost-evaporadores-aluminio\/","og_locale":"es_ES","og_type":"article","og_title":"No frost evaporadores aluminio - Marcegaglia Colombia","og_description":"[vc_row full_width=\u00bbstretch_row_content_no_spaces\u00bb css=\u00bb.vc_custom_1602071500596{margin-bottom: 2em !important;background-image: url(http:\/\/marcegaglia.co\/wp-content\/uploads\/2020\/10\/mx_testata.jpg?id=15972) !important;background-position: center !important;background-repeat: no-repeat !important;background-size: ...","og_url":"https:\/\/marcegaglia.co\/es\/no-frost-evaporadores-aluminio\/","og_site_name":"Marcegaglia Colombia","article_modified_time":"2025-01-22T17:10:54+00:00","twitter_card":"summary_large_image","twitter_misc":{"Tiempo de lectura":"4 minutos"},"schema":{"@context":"https:\/\/schema.org","@graph":[{"@type":"WebPage","@id":"https:\/\/marcegaglia.co\/es\/no-frost-evaporadores-aluminio\/","url":"https:\/\/marcegaglia.co\/es\/no-frost-evaporadores-aluminio\/","name":"No frost evaporadores aluminio - Marcegaglia Colombia","isPartOf":{"@id":"https:\/\/marcegaglia.co\/en\/#website"},"datePublished":"2020-09-29T10:38:15+00:00","dateModified":"2025-01-22T17:10:54+00:00","breadcrumb":{"@id":"https:\/\/marcegaglia.co\/es\/no-frost-evaporadores-aluminio\/#breadcrumb"},"inLanguage":"es","potentialAction":[{"@type":"ReadAction","target":["https:\/\/marcegaglia.co\/es\/no-frost-evaporadores-aluminio\/"]}]},{"@type":"BreadcrumbList","@id":"https:\/\/marcegaglia.co\/es\/no-frost-evaporadores-aluminio\/#breadcrumb","itemListElement":[{"@type":"ListItem","position":1,"name":"Home","item":"https:\/\/marcegaglia.co\/en\/"},{"@type":"ListItem","position":2,"name":"No frost evaporadores aluminio"}]},{"@type":"WebSite","@id":"https:\/\/marcegaglia.co\/en\/#website","url":"https:\/\/marcegaglia.co\/en\/","name":"Marcegaglia Colombia","description":"We give shape to steel","potentialAction":[{"@type":"SearchAction","target":{"@type":"EntryPoint","urlTemplate":"https:\/\/marcegaglia.co\/en\/?s={search_term_string}"},"query-input":{"@type":"PropertyValueSpecification","valueRequired":true,"valueName":"search_term_string"}}],"inLanguage":"es"}]}},"_links":{"self":[{"href":"https:\/\/marcegaglia.co\/es\/wp-json\/wp\/v2\/pages\/15793","targetHints":{"allow":["GET"]}}],"collection":[{"href":"https:\/\/marcegaglia.co\/es\/wp-json\/wp\/v2\/pages"}],"about":[{"href":"https:\/\/marcegaglia.co\/es\/wp-json\/wp\/v2\/types\/page"}],"author":[{"embeddable":true,"href":"https:\/\/marcegaglia.co\/es\/wp-json\/wp\/v2\/users\/1"}],"replies":[{"embeddable":true,"href":"https:\/\/marcegaglia.co\/es\/wp-json\/wp\/v2\/comments?post=15793"}],"version-history":[{"count":5,"href":"https:\/\/marcegaglia.co\/es\/wp-json\/wp\/v2\/pages\/15793\/revisions"}],"predecessor-version":[{"id":16886,"href":"https:\/\/marcegaglia.co\/es\/wp-json\/wp\/v2\/pages\/15793\/revisions\/16886"}],"wp:attachment":[{"href":"https:\/\/marcegaglia.co\/es\/wp-json\/wp\/v2\/media?parent=15793"}],"curies":[{"name":"wp","href":"https:\/\/api.w.org\/{rel}","templated":true}]}}