{"id":15787,"date":"2020-09-29T10:38:12","date_gmt":"2020-09-29T10:38:12","guid":{"rendered":"http:\/\/marcegaglia.co\/condensador-tubos-y-alambres\/"},"modified":"2025-01-22T17:11:35","modified_gmt":"2025-01-22T17:11:35","slug":"condensador-tubos-y-alambres","status":"publish","type":"page","link":"https:\/\/marcegaglia.co\/es\/condensador-tubos-y-alambres\/","title":{"rendered":"Condensador tubos y alambres"},"content":{"rendered":"<div class=\"wpb-content-wrapper\"><p>[vc_row full_width=\u00bbstretch_row_content_no_spaces\u00bb css=\u00bb.vc_custom_1588594335607{margin-bottom: 2em !important;background-image: url(http:\/\/mmmessico.studiochiesa.it\/wp-content\/uploads\/2020\/04\/marcegaglia_poland-carbon-steel-refrigeration-tubes-1920&#215;306-1.jpg?id=10039) !important;background-position: center !important;background-repeat: no-repeat !important;background-size: cover !important;}\u00bb el_id=\u00bbdesk\u00bb][vc_column css=\u00bb.vc_custom_1588591974425{padding-top: 10em !important;padding-bottom: 10em !important;background-position: center !important;background-repeat: no-repeat !important;background-size: cover !important;}\u00bb el_id=\u00bbdesk\u00bb offset=\u00bbvc_hidden-sm vc_hidden-xs\u00bb][\/vc_column][\/vc_row][vc_row full_width=\u00bbstretch_row_content_no_spaces\u00bb css=\u00bb.vc_custom_1594734710292{margin-bottom: 2em !important;padding-top: 5em !important;padding-bottom: 5em !important;background-image: url(http:\/\/mmmessico.studiochiesa.it\/wp-content\/uploads\/2020\/07\/marcegaglia_france-carbon-steel-refrigeration-tubes-1400&#215;700-1.jpg?id=14538) !important;background-position: center !important;background-repeat: no-repeat !important;background-size: cover !important;}\u00bb el_id=\u00bbresp\u00bb][vc_column css=\u00bb.vc_custom_1588592239658{background-position: center !important;background-repeat: no-repeat !important;background-size: cover !important;}\u00bb el_id=\u00bbresp\u00bb offset=\u00bbvc_hidden-lg vc_hidden-md\u00bb][\/vc_column][\/vc_row][vc_row full_width=\u00bbstretch_row\u00bb css=\u00bb.vc_custom_1585049350308{margin-bottom: 2em !important;background-position: center !important;background-repeat: no-repeat !important;background-size: cover !important;}\u00bb][vc_column][vc_column_text]\/<a href=\"http:\/\/mmmessico.studiochiesa.it\/es\/productos-y-componentes-de-refrigeracion\/\">Productos y componentes de refrigeraci\u00f3n<\/a>\/Condensador tubos y alambres[\/vc_column_text][\/vc_column][\/vc_row][vc_row full_width=\u00bbstretch_row\u00bb css=\u00bb.vc_custom_1585049350308{margin-bottom: 2em !important;background-position: center !important;background-repeat: no-repeat !important;background-size: cover !important;}\u00bb][vc_column width=\u00bb1\/2&#8243;][vc_column_text]<\/p>\n<h2>CONDENSADOR TUBOS Y ALAMBRES<\/h2>\n<p>[\/vc_column_text][vc_empty_space height=\u00bb20px\u00bb][vc_column_text]Marcegaglia Colombia fabrica una amplia gama de <strong>condensadores de tubo<\/strong> y <strong>alambre en acero bajo carbono<\/strong> para la refrigeraci\u00f3n dom\u00e9stica y comercial, de acuerdo a los \u00faltimos est\u00e1ndares del mercado nacionales e internacionales. Los productos pueden ser dise\u00f1ados o asignados por nuestros clientes para satisfacer cualquier necesidad que optimicen los costos, desempe\u00f1os energ\u00e9ticos o configuraciones que se requieran para cualquier sistemas de refrigeraci\u00f3n.[\/vc_column_text][vc_empty_space height=\u00bb20px\u00bb][vc_row_inner el_id=\u00bbresp\u00bb css=\u00bb.vc_custom_1594717890896{margin-bottom: 1em !important;}\u00bb][vc_column_inner width=\u00bb1\/4&#8243; offset=\u00bbvc_col-xs-4&#8243;][vc_single_image image=\u00bb15727&#8243; img_size=\u00bbfull\u00bb onclick=\u00bbcustom_link\u00bb img_link_target=\u00bb_blank\u00bb link=\u00bbhttp:\/\/mmmessico.studiochiesa.it\/wp-content\/uploads\/2020\/07\/MM_refrigeration_sett2017.pdf\u00bb][\/vc_column_inner][vc_column_inner width=\u00bb1\/4&#8243; offset=\u00bbvc_col-xs-4&#8243;][\/vc_column_inner][vc_column_inner width=\u00bb1\/4&#8243;][\/vc_column_inner][vc_column_inner width=\u00bb1\/4&#8243;][\/vc_column_inner][\/vc_row_inner][vc_column_text]<strong>Tubos de acero de bajo carbono electrosoldados<\/strong>[\/vc_column_text][vc_column_text]<\/p>\n<table class=\"tabella\" style=\"width: 100%;\" border=\"0\" cellspacing=\"0\" cellpadding=\"5\">\n<tbody>\n<tr bgcolor=\"#36424A\">\n<td class=\"titolo-tabella\" colspan=\"2\" align=\"left\" valign=\"top\"><span style=\"color: #ffffff;\"><strong>GAMA DE PRODUCTOS<br \/>\n<\/strong><\/span><\/td>\n<\/tr>\n<tr bgcolor=\"#D6D9D0\">\n<td style=\"text-align: center; width: 50%;\" valign=\"top\"><strong>Di\u00e1metro ext. mm<\/strong><\/td>\n<td style=\"text-align: center;\" valign=\"top\"><strong>Tolerancia<\/strong><\/td>\n<\/tr>\n<tr>\n<td style=\"text-align: center;\">1,3<\/td>\n<td style=\"text-align: center;\">0,003<\/td>\n<\/tr>\n<\/tbody>\n<\/table>\n<p>[\/vc_column_text][vc_empty_space height=\u00bb10px\u00bb][vc_column_text]<\/p>\n<table style=\"width: 100%;\" border=\"0\" cellspacing=\"0\" cellpadding=\"0\">\n<tbody>\n<tr>\n<td style=\"text-align: left; color: #fff;\" colspan=\"2\" bgcolor=\"#36424a\"><strong>NORMAS DE FABRICACI\u00d3N <\/strong><\/td>\n<\/tr>\n<tr>\n<td colspan=\"2\">1006\/1010 (SAE J526) Tubos de acero de bajo carbono electro soldado y Tubos de acero de bajo carbono electro soldado recubierto externamente con zinc<\/td>\n<\/tr>\n<\/tbody>\n<\/table>\n<p>[\/vc_column_text][vc_empty_space height=\u00bb20px\u00bb][vc_column_text]<strong>Tubos de acero de bajo carbono electrosoldados<\/strong>[\/vc_column_text][vc_column_text]<\/p>\n<table class=\"tabella\" style=\"width: 100%;\" border=\"0\" cellspacing=\"0\" cellpadding=\"5\">\n<tbody>\n<tr bgcolor=\"#36424A\">\n<td class=\"titolo-tabella\" colspan=\"2\" align=\"left\" valign=\"top\"><span style=\"color: #ffffff;\"><strong>GAMA DE PRODUCTOS<br \/>\n<\/strong><\/span><\/td>\n<\/tr>\n<tr>\n<td style=\"text-align: center;\">Color<\/td>\n<td style=\"text-align: center;\">Negro brillante<\/td>\n<\/tr>\n<\/tbody>\n<\/table>\n<p>[\/vc_column_text][vc_empty_space height=\u00bb20px\u00bb][vc_column_text]<\/p>\n<table style=\"width: 100%;\" border=\"0\" cellspacing=\"0\" cellpadding=\"0\">\n<tbody>\n<tr>\n<td style=\"text-align: left; color: #fff;\" colspan=\"2\" bgcolor=\"#36424a\"><strong>EMBALAJE EST\u00c1NDAR<\/strong><\/td>\n<\/tr>\n<tr>\n<td colspan=\"2\">\n<ul>\n<li><strong>CLIENTES NACIONALES<br \/>\n<\/strong>Piezas arrumadas en estibas de madera seg\u00fan unidad de empaque establecida para cada cliente, con protecci\u00f3n externa en cart\u00f3n corrugado y refuerzo con zuncho pl\u00e1stico que da estabilidad para evitar movimientos que puedan afectar la calidad del producto. Hoja de identificaci\u00f3n donde se especifica nombre del cliente, numero de parte, cantidad, trazabilidad, unidad de empaque.<\/li>\n<li><strong>CLIENTES EXTERIOR<br \/>\n<\/strong>Piezas arrumadas en huacal cerrado en madera seg\u00fan cantidad establecida con el cliente, con protecci\u00f3n de papel peri\u00f3dico, entre piezas de m\u00e1s abajo para asegurar calidad del producto y evitar ralladuras en la capa de pintura. Las piezas son reforzadas con zuncho pl\u00e1stico para evitar que el producto se mueva o desplace durante el trayecto y se afecte la calidad del producto. Hoja de identificaci\u00f3n donde se especifica nombre del cliente, numero de parte, cantidad, trazabilidad, unidad de empaque.<\/li>\n<\/ul>\n<\/td>\n<\/tr>\n<\/tbody>\n<\/table>\n<p>[\/vc_column_text][\/vc_column][vc_column width=\u00bb1\/2&#8243;][vc_row_inner el_id=\u00bbdesk\u00bb][vc_column_inner width=\u00bb1\/4&#8243;][vc_single_image image=\u00bb15727&#8243; img_size=\u00bbfull\u00bb onclick=\u00bbcustom_link\u00bb img_link_target=\u00bb_blank\u00bb link=\u00bbhttp:\/\/mmmessico.studiochiesa.it\/wp-content\/uploads\/2020\/07\/MM_refrigeration_sett2017.pdf\u00bb][\/vc_column_inner][vc_column_inner width=\u00bb1\/4&#8243;][\/vc_column_inner][vc_column_inner width=\u00bb1\/4&#8243;][\/vc_column_inner][vc_column_inner width=\u00bb1\/4&#8243;][\/vc_column_inner][\/vc_row_inner][vc_empty_space height=\u00bb30px\u00bb]<div id=\"cz_95496\" class=\"cz_95496 slick arrows_mlr no_dots arrows_inner\" data-slick='{\"selector\":\"\",\"slidesToShow\":1,\"slidesToScroll\":1,\"rows\":1,\"fade\":true,\"vertical\":false,\"verticalSwiping\":false,\"infinite\":true,\"speed\":1000,\"swipeToSlide\":true,\"centerMode\":false,\"centerPadding\":\"\",\"variableWidth\":false,\"autoplay\":false,\"autoplaySpeed\":4000,\"dots\":true,\"counts\":false,\"adaptiveHeight\":false,\"responsive\":[{\"breakpoint\":769,\"settings\":{\"slidesToShow\":1,\"slidesToScroll\":1,\"infinite\":true,\"touchMove\":true}},{\"breakpoint\":481,\"settings\":{\"slidesToShow\":1,\"slidesToScroll\":1,\"infinite\":true,\"touchMove\":true}}]}' data-slick-prev=\"fa fa-chevron-left\" data-slick-next=\"fa fa-chevron-right\">[vc_single_image image=\u00bb15982&#8243; img_size=\u00bbfull\u00bb][vc_single_image image=\u00bb15984&#8243; img_size=\u00bbfull\u00bb][vc_single_image image=\u00bb15986&#8243; img_size=\u00bbfull\u00bb][vc_single_image image=\u00bb15988&#8243; img_size=\u00bbfull\u00bb][vc_single_image image=\u00bb15990&#8243; img_size=\u00bbfull\u00bb][vc_single_image image=\u00bb15992&#8243; img_size=\u00bbfull\u00bb][vc_single_image image=\u00bb15994&#8243; img_size=\u00bbfull\u00bb]<\/div><div><\/div>[vc_empty_space height=\u00bb30px\u00bb][vc_column_text]<\/p>\n<h4><strong>Solicitud de informaci\u00f3n<\/strong><\/h4>\n<p>[\/vc_column_text][vc_empty_space height=\u00bb30px\u00bb]\n<div class=\"wpcf7 no-js\" id=\"wpcf7-f12801-o1\" lang=\"it-IT\" dir=\"ltr\" data-wpcf7-id=\"12801\">\n<div class=\"screen-reader-response\"><p role=\"status\" aria-live=\"polite\" aria-atomic=\"true\"><\/p> <ul><\/ul><\/div>\n<form action=\"\/es\/wp-json\/wp\/v2\/pages\/15787#wpcf7-f12801-o1\" method=\"post\" class=\"wpcf7-form init\" aria-label=\"Modulo di contatto\" novalidate=\"novalidate\" data-status=\"init\">\n<fieldset class=\"hidden-fields-container\"><input type=\"hidden\" name=\"_wpcf7\" value=\"12801\" \/><input type=\"hidden\" name=\"_wpcf7_version\" value=\"6.1\" \/><input type=\"hidden\" name=\"_wpcf7_locale\" value=\"it_IT\" \/><input type=\"hidden\" name=\"_wpcf7_unit_tag\" value=\"wpcf7-f12801-o1\" \/><input type=\"hidden\" name=\"_wpcf7_container_post\" value=\"0\" \/><input type=\"hidden\" name=\"_wpcf7_posted_data_hash\" value=\"\" \/><input type=\"hidden\" name=\"_wpcf7_recaptcha_response\" value=\"\" \/>\n<\/fieldset>\n<div class=\"vc_row\">\n\t<div class=\"vc_col-md-6\">\n\t\t<p><span> Nombre * <\/span><br \/>\n<span class=\"wpcf7-form-control-wrap\" data-name=\"your-name\"><input size=\"40\" maxlength=\"400\" class=\"wpcf7-form-control wpcf7-text wpcf7-validates-as-required\" aria-required=\"true\" aria-invalid=\"false\" value=\"\" type=\"text\" name=\"your-name\" \/><\/span>\n\t\t<\/p>\n\t<\/div>\n\t<div class=\"vc_col-md-6\">\n\t\t<p><span> Email * <\/span><br \/>\n<span class=\"wpcf7-form-control-wrap\" data-name=\"your-email\"><input size=\"40\" maxlength=\"400\" class=\"wpcf7-form-control wpcf7-email wpcf7-validates-as-required wpcf7-text wpcf7-validates-as-email\" aria-required=\"true\" aria-invalid=\"false\" value=\"\" type=\"email\" name=\"your-email\" \/><\/span>\n\t\t<\/p>\n\t<\/div>\n\t<div class=\"vc_col-md-12\">\n\t\t<p><span> Tema <\/span><br \/>\n<span class=\"wpcf7-form-control-wrap\" data-name=\"your-subject\"><input size=\"40\" maxlength=\"400\" class=\"wpcf7-form-control wpcf7-text\" aria-invalid=\"false\" value=\"\" type=\"text\" name=\"your-subject\" \/><\/span>\n\t\t<\/p>\n\t<\/div>\n\t<div class=\"vc_col-md-12\">\n\t\t<p><span class=\"wpcf7-form-control-wrap\" data-name=\"your-message\"><textarea cols=\"40\" rows=\"10\" maxlength=\"2000\" class=\"wpcf7-form-control wpcf7-textarea\" aria-invalid=\"false\" placeholder=\"Inserte su mensaje aqu\u00ed..\" name=\"your-message\"><\/textarea><\/span>\n\t\t<\/p>\n\t<\/div>\n\t<div class=\"vc_col-md-12\">\n\t\t<p><input class=\"wpcf7-form-control wpcf7-submit has-spinner\" type=\"submit\" value=\"Env\u00eda\" \/>\n\t\t<\/p>\n\t<\/div>\n<\/div><input type='hidden' class='wpcf7-pum' value='{\"closepopup\":false,\"closedelay\":0,\"openpopup\":false,\"openpopup_id\":0}' \/><div class=\"wpcf7-response-output\" aria-hidden=\"true\"><\/div>\n<\/form>\n<\/div>\n[\/vc_column][\/vc_row]<\/p>\n<\/div>","protected":false},"excerpt":{"rendered":"<p>[vc_row full_width=\u00bbstretch_row_content_no_spaces\u00bb css=\u00bb.vc_custom_1588594335607{margin-bottom: 2em !important;background-image: url(http:\/\/mmmessico.studiochiesa.it\/wp-content\/uploads\/2020\/04\/marcegaglia_poland-carbon-steel-refrigeration-tubes-1920&#215;306-1.jpg?id=10039) !important;background-position: center !important;background-repeat: no-repeat !important;background-size: &#8230; <\/p>\n","protected":false},"author":1,"featured_media":0,"parent":0,"menu_order":0,"comment_status":"closed","ping_status":"closed","template":"","meta":{"footnotes":""},"class_list":["post-15787","page","type-page","status-publish","hentry"],"yoast_head":"<!-- This site is optimized with the Yoast SEO plugin v25.4 - https:\/\/yoast.com\/wordpress\/plugins\/seo\/ -->\n<title>Condensador tubos y alambres - Marcegaglia Colombia<\/title>\n<meta name=\"robots\" content=\"index, follow, max-snippet:-1, max-image-preview:large, max-video-preview:-1\" \/>\n<link rel=\"canonical\" href=\"https:\/\/marcegaglia.co\/es\/condensador-tubos-y-alambres\/\" \/>\n<meta property=\"og:locale\" content=\"es_ES\" \/>\n<meta property=\"og:type\" content=\"article\" \/>\n<meta property=\"og:title\" content=\"Condensador tubos y alambres - Marcegaglia Colombia\" \/>\n<meta property=\"og:description\" content=\"[vc_row full_width=\u00bbstretch_row_content_no_spaces\u00bb css=\u00bb.vc_custom_1588594335607{margin-bottom: 2em !important;background-image: url(http:\/\/mmmessico.studiochiesa.it\/wp-content\/uploads\/2020\/04\/marcegaglia_poland-carbon-steel-refrigeration-tubes-1920&#215;306-1.jpg?id=10039) !important;background-position: center !important;background-repeat: no-repeat !important;background-size: ...\" \/>\n<meta property=\"og:url\" content=\"https:\/\/marcegaglia.co\/es\/condensador-tubos-y-alambres\/\" \/>\n<meta property=\"og:site_name\" content=\"Marcegaglia Colombia\" \/>\n<meta property=\"article:modified_time\" content=\"2025-01-22T17:11:35+00:00\" \/>\n<meta name=\"twitter:card\" content=\"summary_large_image\" \/>\n<meta name=\"twitter:label1\" content=\"Tiempo de lectura\" \/>\n\t<meta name=\"twitter:data1\" content=\"4 minutos\" \/>\n<script type=\"application\/ld+json\" class=\"yoast-schema-graph\">{\"@context\":\"https:\/\/schema.org\",\"@graph\":[{\"@type\":\"WebPage\",\"@id\":\"https:\/\/marcegaglia.co\/es\/condensador-tubos-y-alambres\/\",\"url\":\"https:\/\/marcegaglia.co\/es\/condensador-tubos-y-alambres\/\",\"name\":\"Condensador tubos y alambres - Marcegaglia Colombia\",\"isPartOf\":{\"@id\":\"https:\/\/marcegaglia.co\/en\/#website\"},\"datePublished\":\"2020-09-29T10:38:12+00:00\",\"dateModified\":\"2025-01-22T17:11:35+00:00\",\"breadcrumb\":{\"@id\":\"https:\/\/marcegaglia.co\/es\/condensador-tubos-y-alambres\/#breadcrumb\"},\"inLanguage\":\"es\",\"potentialAction\":[{\"@type\":\"ReadAction\",\"target\":[\"https:\/\/marcegaglia.co\/es\/condensador-tubos-y-alambres\/\"]}]},{\"@type\":\"BreadcrumbList\",\"@id\":\"https:\/\/marcegaglia.co\/es\/condensador-tubos-y-alambres\/#breadcrumb\",\"itemListElement\":[{\"@type\":\"ListItem\",\"position\":1,\"name\":\"Home\",\"item\":\"https:\/\/marcegaglia.co\/en\/\"},{\"@type\":\"ListItem\",\"position\":2,\"name\":\"Condensador tubos y alambres\"}]},{\"@type\":\"WebSite\",\"@id\":\"https:\/\/marcegaglia.co\/en\/#website\",\"url\":\"https:\/\/marcegaglia.co\/en\/\",\"name\":\"Marcegaglia Colombia\",\"description\":\"We give shape to steel\",\"potentialAction\":[{\"@type\":\"SearchAction\",\"target\":{\"@type\":\"EntryPoint\",\"urlTemplate\":\"https:\/\/marcegaglia.co\/en\/?s={search_term_string}\"},\"query-input\":{\"@type\":\"PropertyValueSpecification\",\"valueRequired\":true,\"valueName\":\"search_term_string\"}}],\"inLanguage\":\"es\"}]}<\/script>\n<!-- \/ Yoast SEO plugin. -->","yoast_head_json":{"title":"Condensador tubos y alambres - Marcegaglia Colombia","robots":{"index":"index","follow":"follow","max-snippet":"max-snippet:-1","max-image-preview":"max-image-preview:large","max-video-preview":"max-video-preview:-1"},"canonical":"https:\/\/marcegaglia.co\/es\/condensador-tubos-y-alambres\/","og_locale":"es_ES","og_type":"article","og_title":"Condensador tubos y alambres - Marcegaglia Colombia","og_description":"[vc_row full_width=\u00bbstretch_row_content_no_spaces\u00bb css=\u00bb.vc_custom_1588594335607{margin-bottom: 2em !important;background-image: url(http:\/\/mmmessico.studiochiesa.it\/wp-content\/uploads\/2020\/04\/marcegaglia_poland-carbon-steel-refrigeration-tubes-1920&#215;306-1.jpg?id=10039) !important;background-position: center !important;background-repeat: no-repeat !important;background-size: ...","og_url":"https:\/\/marcegaglia.co\/es\/condensador-tubos-y-alambres\/","og_site_name":"Marcegaglia Colombia","article_modified_time":"2025-01-22T17:11:35+00:00","twitter_card":"summary_large_image","twitter_misc":{"Tiempo de lectura":"4 minutos"},"schema":{"@context":"https:\/\/schema.org","@graph":[{"@type":"WebPage","@id":"https:\/\/marcegaglia.co\/es\/condensador-tubos-y-alambres\/","url":"https:\/\/marcegaglia.co\/es\/condensador-tubos-y-alambres\/","name":"Condensador tubos y alambres - Marcegaglia Colombia","isPartOf":{"@id":"https:\/\/marcegaglia.co\/en\/#website"},"datePublished":"2020-09-29T10:38:12+00:00","dateModified":"2025-01-22T17:11:35+00:00","breadcrumb":{"@id":"https:\/\/marcegaglia.co\/es\/condensador-tubos-y-alambres\/#breadcrumb"},"inLanguage":"es","potentialAction":[{"@type":"ReadAction","target":["https:\/\/marcegaglia.co\/es\/condensador-tubos-y-alambres\/"]}]},{"@type":"BreadcrumbList","@id":"https:\/\/marcegaglia.co\/es\/condensador-tubos-y-alambres\/#breadcrumb","itemListElement":[{"@type":"ListItem","position":1,"name":"Home","item":"https:\/\/marcegaglia.co\/en\/"},{"@type":"ListItem","position":2,"name":"Condensador tubos y alambres"}]},{"@type":"WebSite","@id":"https:\/\/marcegaglia.co\/en\/#website","url":"https:\/\/marcegaglia.co\/en\/","name":"Marcegaglia Colombia","description":"We give shape to steel","potentialAction":[{"@type":"SearchAction","target":{"@type":"EntryPoint","urlTemplate":"https:\/\/marcegaglia.co\/en\/?s={search_term_string}"},"query-input":{"@type":"PropertyValueSpecification","valueRequired":true,"valueName":"search_term_string"}}],"inLanguage":"es"}]}},"_links":{"self":[{"href":"https:\/\/marcegaglia.co\/es\/wp-json\/wp\/v2\/pages\/15787","targetHints":{"allow":["GET"]}}],"collection":[{"href":"https:\/\/marcegaglia.co\/es\/wp-json\/wp\/v2\/pages"}],"about":[{"href":"https:\/\/marcegaglia.co\/es\/wp-json\/wp\/v2\/types\/page"}],"author":[{"embeddable":true,"href":"https:\/\/marcegaglia.co\/es\/wp-json\/wp\/v2\/users\/1"}],"replies":[{"embeddable":true,"href":"https:\/\/marcegaglia.co\/es\/wp-json\/wp\/v2\/comments?post=15787"}],"version-history":[{"count":5,"href":"https:\/\/marcegaglia.co\/es\/wp-json\/wp\/v2\/pages\/15787\/revisions"}],"predecessor-version":[{"id":16888,"href":"https:\/\/marcegaglia.co\/es\/wp-json\/wp\/v2\/pages\/15787\/revisions\/16888"}],"wp:attachment":[{"href":"https:\/\/marcegaglia.co\/es\/wp-json\/wp\/v2\/media?parent=15787"}],"curies":[{"name":"wp","href":"https:\/\/api.w.org\/{rel}","templated":true}]}}