{"id":15773,"date":"2020-09-29T10:38:01","date_gmt":"2020-09-29T10:38:01","guid":{"rendered":"http:\/\/marcegaglia.co\/aplicaciones\/"},"modified":"2024-04-03T07:22:54","modified_gmt":"2024-04-03T07:22:54","slug":"aplicaciones","status":"publish","type":"page","link":"https:\/\/marcegaglia.co\/es\/aplicaciones\/","title":{"rendered":"Aplicaciones"},"content":{"rendered":"<div class=\"wpb-content-wrapper\"><p>[vc_row full_width=\u00bbstretch_row_content_no_spaces\u00bb css=\u00bb.vc_custom_1602573188906{background-position: center !important;background-repeat: no-repeat !important;background-size: cover !important;}\u00bb el_id=\u00bbdesk1&#8243;][vc_column css=\u00bb.vc_custom_1588593703140{padding-top: 7.65em !important;padding-bottom: 7.65em !important;background-position: center !important;background-repeat: no-repeat !important;background-size: cover !important;}\u00bb el_id=\u00bbdesk\u00bb offset=\u00bbvc_hidden-sm vc_hidden-xs\u00bb][vc_column_text]<\/p>\n<h1 style=\"text-align: center;\"><span style=\"color: #ffffff;\">APLICACIONES T\u00cdPICAS<\/span><\/h1>\n<p>[\/vc_column_text][\/vc_column][\/vc_row][vc_row full_width=\u00bbstretch_row_content_no_spaces\u00bb css=\u00bb.vc_custom_1602573175528{padding-top: 1.65em !important;padding-bottom: 1.65em !important;background-position: center !important;background-repeat: no-repeat !important;background-size: cover !important;}\u00bb el_id=\u00bbresp\u00bb][vc_column css=\u00bb.vc_custom_1588592239658{background-position: center !important;background-repeat: no-repeat !important;background-size: cover !important;}\u00bb el_id=\u00bbresp\u00bb offset=\u00bbvc_hidden-lg vc_hidden-md\u00bb][vc_column_text]<\/p>\n<h1 style=\"text-align: center;\"><span style=\"color: #ffffff;\">APLICACIONES T\u00cdPICAS<\/span><\/h1>\n<p>[\/vc_column_text][\/vc_column][\/vc_row][vc_row css=\u00bb.vc_custom_1601284787348{background-position: center !important;background-repeat: no-repeat !important;background-size: cover !important;}\u00bb][vc_column css=\u00bb.vc_custom_1588593703140{padding-top: 7.65em !important;padding-bottom: 7.65em !important;background-position: center !important;background-repeat: no-repeat !important;background-size: cover !important;}\u00bb offset=\u00bbvc_hidden-sm vc_hidden-xs\u00bb][vc_column_text]Del negocio de transformaci\u00f3n de acero de Marcegaglia, una <strong>gama completa de productos<\/strong> dedicados a las industrias de <strong>refrigeraci\u00f3n<\/strong> y <strong>electrodom\u00e9sticos<\/strong>.<\/p>\n<p>La oferta especial de Marcegaglia para la industria de la refrigeraci\u00f3n se fabrica de acuerdo con las <strong>normas<\/strong> y <strong>tolerancias espec\u00edficas del sector<\/strong>, y se prueba minuciosamente para permitir su uso en aplicaciones tales como componentes, sistemas y materiales de acero dise\u00f1ados y desarrollados para cumplir con los m\u00e1s altos requisitos de los sectores de aplicaci\u00f3n.[\/vc_column_text][\/vc_column][\/vc_row][vc_row full_width=\u00bbstretch_row_content_no_spaces\u00bb equal_height=\u00bbyes\u00bb content_placement=\u00bbmiddle\u00bb css=\u00bb.vc_custom_1588178118120{background-position: center !important;background-repeat: no-repeat !important;background-size: cover !important;}\u00bb el_id=\u00bbdesk\u00bb][vc_column width=\u00bb1\/2&#8243; css=\u00bb.vc_custom_1602573199927{padding-top: 5vh !important;padding-bottom: 5vh !important;background-image: url(http:\/\/marcegaglia.co\/wp-content\/uploads\/2020\/10\/marcegaglia_mexico-refrigeration_domestic-2.jpg?id=16267) !important;background-position: center !important;background-repeat: no-repeat !important;background-size: cover !important;}\u00bb offset=\u00bbvc_col-lg-6 vc_col-md-12 vc_col-xs-12&#8243; el_id=\u00bbrdes\u00bb][\/vc_column][vc_column width=\u00bb1\/2&#8243; offset=\u00bbvc_col-lg-6 vc_col-md-12 vc_col-xs-12&#8243;][vc_row_inner][vc_column_inner width=\u00bb1\/4&#8243;][\/vc_column_inner][vc_column_inner width=\u00bb1\/2&#8243;][vc_empty_space][vc_column_text]<\/p>\n<h3>REFRIGERACION DOMESTICA<\/h3>\n<p>[\/vc_column_text][vc_empty_space][vc_column_text]Marcegaglia Colombia productos tienen una amplia gama de aplicaciones en la <strong>refrigeraci\u00f3n dom\u00e9stica<\/strong>, desde productos finales b\u00e1sicos hasta productos de lujo y de alta gama, con los principales OEM mundiales del mercado actual.<br \/>\nUnidades de refrigeraci\u00f3n: <strong>Unidades de montaje superior, Unidades de montaje inferior, Unidades de puerta francesa, Unidades de lado a lado, Unidades de puerta \u00fanica, Unidades de convecci\u00f3n y forzadas, Congeladores, Enfriadores de vino, Minibar<\/strong>[\/vc_column_text][vc_empty_space][\/vc_column_inner][vc_column_inner width=\u00bb1\/4&#8243;][\/vc_column_inner][\/vc_row_inner][\/vc_column][\/vc_row][vc_row full_width=\u00bbstretch_row_content_no_spaces\u00bb css=\u00bb.vc_custom_1602573748668{padding-top: 10vh !important;padding-bottom: 10vh !important;background-image: url(http:\/\/mmbrasile.studiochiesa.it\/wp-content\/uploads\/2020\/04\/Marcegaglia-carbon-steel-flats-products-automotive-applications.jpg?id=7549) !important;background-position: center !important;background-repeat: no-repeat !important;background-size: cover !important;}\u00bb el_id=\u00bbresp\u00bb][vc_column css=\u00bb.vc_custom_1588751239732{background-position: center !important;background-repeat: no-repeat !important;background-size: cover !important;}\u00bb offset=\u00bbvc_hidden-lg\u00bb][\/vc_column][\/vc_row][vc_row content_placement=\u00bbmiddle\u00bb css=\u00bb.vc_custom_1588755760166{background-position: center !important;background-repeat: no-repeat !important;background-size: cover !important;}\u00bb el_id=\u00bbresp\u00bb][vc_column css=\u00bb.vc_custom_1588752841732{padding-top: 5vh !important;padding-right: 5vh !important;padding-bottom: 5vh !important;padding-left: 5vh !important;background-position: center !important;background-repeat: no-repeat !important;background-size: cover !important;}\u00bb offset=\u00bbvc_hidden-lg\u00bb][vc_empty_space][vc_column_text]<\/p>\n<h3>REFRIGERACION DOMESTICA<\/h3>\n<p>[\/vc_column_text][vc_empty_space][vc_column_text]Marcegaglia M\u00e9xico productos tienen una amplia gama de aplicaciones en la <strong>refrigeraci\u00f3n dom\u00e9stica<\/strong>, desde productos finales b\u00e1sicos hasta productos de lujo y de alta gama, con los principales OEM mundiales del mercado actual.<br \/>\nUnidades de refrigeraci\u00f3n: <strong>Unidades de montaje superior, Unidades de montaje inferior, Unidades de puerta francesa, Unidades de lado a lado, Unidades de puerta \u00fanica, Unidades de convecci\u00f3n y forzadas, Congeladores, Enfriadores de vino, Minibar<\/strong>[\/vc_column_text][vc_empty_space][\/vc_column][\/vc_row][vc_row full_width=\u00bbstretch_row_content_no_spaces\u00bb equal_height=\u00bbyes\u00bb content_placement=\u00bbmiddle\u00bb css=\u00bb.vc_custom_1588755724791{background-position: center !important;background-repeat: no-repeat !important;background-size: cover !important;}\u00bb el_id=\u00bbdesk\u00bb el_class=\u00bbmd-reverse\u00bb][vc_column width=\u00bb1\/2&#8243; css=\u00bb.vc_custom_1602518289308{padding-top: 5em !important;padding-bottom: 5em !important;background-position: center !important;background-repeat: no-repeat !important;background-size: cover !important;}\u00bb offset=\u00bbvc_hidden-sm vc_hidden-xs\u00bb][vc_row_inner][vc_column_inner width=\u00bb1\/4&#8243;][\/vc_column_inner][vc_column_inner width=\u00bb1\/2&#8243;][vc_empty_space][vc_column_text]<\/p>\n<h3>REFRIGERACION COMERCIAL<\/h3>\n<p>[\/vc_column_text][vc_empty_space][vc_column_text]Marcegaglia Colombia productos tienen tambien una amplia gama de aplicaciones en la<strong> refrigeraci\u00f3n comercial<\/strong>: <strong>Unidades m\u00e9dicas, <\/strong><strong>Unidades para bebidas,<\/strong><strong> Unidades para alimentos, <\/strong><strong>Congeladores, <\/strong><strong>Unidades de dispensadores de agua, <\/strong><strong>Unidades para mostrador<\/strong><\/p>\n<p><a href=\"https:\/\/www.imat.it\/en\" target=\"_blank\" rel=\"noopener\"><span class=\"HwtZe\" lang=\"es\"><span class=\"jCAhz ChMk0b\"><span class=\"ryNqvb\">descubrir m\u00e1s<\/span><\/span><\/span><\/a>[\/vc_column_text][vc_empty_space][\/vc_column_inner][vc_column_inner width=\u00bb1\/4&#8243;][\/vc_column_inner][\/vc_row_inner][\/vc_column][vc_column width=\u00bb1\/2&#8243; css=\u00bb.vc_custom_1602573224558{padding-top: 5vh !important;padding-bottom: 5vh !important;background-image: url(http:\/\/marcegaglia.co\/wp-content\/uploads\/2020\/10\/marcegaglia_mexico-refrigeration_commercial-1-1.jpg?id=16265) !important;background-position: center !important;background-repeat: no-repeat !important;background-size: cover !important;}\u00bb offset=\u00bbvc_hidden-sm vc_hidden-xs\u00bb el_id=\u00bbrces\u00bb][\/vc_column][\/vc_row][vc_row full_width=\u00bbstretch_row_content_no_spaces\u00bb css=\u00bb.vc_custom_1602573756233{padding-top: 10vh !important;padding-bottom: 10vh !important;background-image: url(http:\/\/mmbrasile.studiochiesa.it\/wp-content\/uploads\/2020\/04\/Marcegaglia-carbon-steel-flats-products-heating-applications.jpg?id=7550) !important;background-position: center !important;background-repeat: no-repeat !important;background-size: cover !important;}\u00bb el_id=\u00bbresp\u00bb][vc_column css=\u00bb.vc_custom_1588752898822{background-position: center !important;background-repeat: no-repeat !important;background-size: cover !important;}\u00bb offset=\u00bbvc_hidden-lg vc_col-md-12&#8243;][\/vc_column][\/vc_row][vc_row content_placement=\u00bbmiddle\u00bb css=\u00bb.vc_custom_1588755534869{background-position: center !important;background-repeat: no-repeat !important;background-size: cover !important;}\u00bb el_id=\u00bbresp\u00bb][vc_column css=\u00bb.vc_custom_1588752910588{padding: 5vh !important;background-position: center !important;background-repeat: no-repeat !important;background-size: cover !important;}\u00bb offset=\u00bbvc_hidden-lg vc_col-md-12&#8243;][vc_empty_space][vc_column_text]<\/p>\n<h3>REFRIGERACION COMERCIAL<\/h3>\n<p>[\/vc_column_text][vc_empty_space][vc_column_text]Marcegaglia M\u00e9xico productos tienen tambien una amplia gama de aplicaciones en la<strong> refrigeraci\u00f3n comercial<\/strong>:<\/p>\n<ul>\n<li>Unidades m\u00e9dicas.<\/li>\n<li>Unidades para bebidas.<\/li>\n<li>Unidades para alimentos<\/li>\n<li>Congeladores<\/li>\n<li>Unidades de dispensadores de agua.<\/li>\n<li>Unidades para mostrador<\/li>\n<\/ul>\n<p><a href=\"https:\/\/www.imat.it\/en\" target=\"_blank\" rel=\"noopener\"><span class=\"HwtZe\" lang=\"es\"><span class=\"jCAhz ChMk0b\"><span class=\"ryNqvb\">descubrir m\u00e1s<\/span><\/span><\/span><\/a>[\/vc_column_text][vc_empty_space][\/vc_column][\/vc_row]<\/p>\n<\/div>","protected":false},"excerpt":{"rendered":"<p>[vc_row full_width=\u00bbstretch_row_content_no_spaces\u00bb css=\u00bb.vc_custom_1602573188906{background-position: center !important;background-repeat: no-repeat !important;background-size: cover !important;}\u00bb el_id=\u00bbdesk1&#8243;][vc_column css=\u00bb.vc_custom_1588593703140{padding-top: &#8230; <\/p>\n","protected":false},"author":1,"featured_media":0,"parent":0,"menu_order":0,"comment_status":"closed","ping_status":"closed","template":"","meta":{"footnotes":""},"class_list":["post-15773","page","type-page","status-publish","hentry"],"yoast_head":"<!-- This site is optimized with the Yoast SEO plugin v25.4 - https:\/\/yoast.com\/wordpress\/plugins\/seo\/ -->\n<title>Aplicaciones - Marcegaglia Colombia<\/title>\n<meta name=\"robots\" content=\"index, follow, max-snippet:-1, max-image-preview:large, max-video-preview:-1\" \/>\n<link rel=\"canonical\" href=\"https:\/\/marcegaglia.co\/es\/aplicaciones\/\" \/>\n<meta property=\"og:locale\" content=\"es_ES\" \/>\n<meta property=\"og:type\" content=\"article\" \/>\n<meta property=\"og:title\" content=\"Aplicaciones - Marcegaglia Colombia\" \/>\n<meta property=\"og:description\" content=\"[vc_row full_width=\u00bbstretch_row_content_no_spaces\u00bb css=\u00bb.vc_custom_1602573188906{background-position: center !important;background-repeat: no-repeat !important;background-size: cover !important;}\u00bb el_id=\u00bbdesk1&#8243;][vc_column css=\u00bb.vc_custom_1588593703140{padding-top: ...\" \/>\n<meta property=\"og:url\" content=\"https:\/\/marcegaglia.co\/es\/aplicaciones\/\" \/>\n<meta property=\"og:site_name\" content=\"Marcegaglia Colombia\" \/>\n<meta property=\"article:modified_time\" content=\"2024-04-03T07:22:54+00:00\" \/>\n<meta name=\"twitter:card\" content=\"summary_large_image\" \/>\n<meta name=\"twitter:label1\" content=\"Tiempo de lectura\" \/>\n\t<meta name=\"twitter:data1\" content=\"3 minutos\" \/>\n<script type=\"application\/ld+json\" class=\"yoast-schema-graph\">{\"@context\":\"https:\/\/schema.org\",\"@graph\":[{\"@type\":\"WebPage\",\"@id\":\"https:\/\/marcegaglia.co\/es\/aplicaciones\/\",\"url\":\"https:\/\/marcegaglia.co\/es\/aplicaciones\/\",\"name\":\"Aplicaciones - Marcegaglia Colombia\",\"isPartOf\":{\"@id\":\"https:\/\/marcegaglia.co\/en\/#website\"},\"datePublished\":\"2020-09-29T10:38:01+00:00\",\"dateModified\":\"2024-04-03T07:22:54+00:00\",\"breadcrumb\":{\"@id\":\"https:\/\/marcegaglia.co\/es\/aplicaciones\/#breadcrumb\"},\"inLanguage\":\"es\",\"potentialAction\":[{\"@type\":\"ReadAction\",\"target\":[\"https:\/\/marcegaglia.co\/es\/aplicaciones\/\"]}]},{\"@type\":\"BreadcrumbList\",\"@id\":\"https:\/\/marcegaglia.co\/es\/aplicaciones\/#breadcrumb\",\"itemListElement\":[{\"@type\":\"ListItem\",\"position\":1,\"name\":\"Home\",\"item\":\"https:\/\/marcegaglia.co\/en\/\"},{\"@type\":\"ListItem\",\"position\":2,\"name\":\"Aplicaciones\"}]},{\"@type\":\"WebSite\",\"@id\":\"https:\/\/marcegaglia.co\/en\/#website\",\"url\":\"https:\/\/marcegaglia.co\/en\/\",\"name\":\"Marcegaglia Colombia\",\"description\":\"We give shape to steel\",\"potentialAction\":[{\"@type\":\"SearchAction\",\"target\":{\"@type\":\"EntryPoint\",\"urlTemplate\":\"https:\/\/marcegaglia.co\/en\/?s={search_term_string}\"},\"query-input\":{\"@type\":\"PropertyValueSpecification\",\"valueRequired\":true,\"valueName\":\"search_term_string\"}}],\"inLanguage\":\"es\"}]}<\/script>\n<!-- \/ Yoast SEO plugin. -->","yoast_head_json":{"title":"Aplicaciones - Marcegaglia Colombia","robots":{"index":"index","follow":"follow","max-snippet":"max-snippet:-1","max-image-preview":"max-image-preview:large","max-video-preview":"max-video-preview:-1"},"canonical":"https:\/\/marcegaglia.co\/es\/aplicaciones\/","og_locale":"es_ES","og_type":"article","og_title":"Aplicaciones - Marcegaglia Colombia","og_description":"[vc_row full_width=\u00bbstretch_row_content_no_spaces\u00bb css=\u00bb.vc_custom_1602573188906{background-position: center !important;background-repeat: no-repeat !important;background-size: cover !important;}\u00bb el_id=\u00bbdesk1&#8243;][vc_column css=\u00bb.vc_custom_1588593703140{padding-top: ...","og_url":"https:\/\/marcegaglia.co\/es\/aplicaciones\/","og_site_name":"Marcegaglia Colombia","article_modified_time":"2024-04-03T07:22:54+00:00","twitter_card":"summary_large_image","twitter_misc":{"Tiempo de lectura":"3 minutos"},"schema":{"@context":"https:\/\/schema.org","@graph":[{"@type":"WebPage","@id":"https:\/\/marcegaglia.co\/es\/aplicaciones\/","url":"https:\/\/marcegaglia.co\/es\/aplicaciones\/","name":"Aplicaciones - Marcegaglia Colombia","isPartOf":{"@id":"https:\/\/marcegaglia.co\/en\/#website"},"datePublished":"2020-09-29T10:38:01+00:00","dateModified":"2024-04-03T07:22:54+00:00","breadcrumb":{"@id":"https:\/\/marcegaglia.co\/es\/aplicaciones\/#breadcrumb"},"inLanguage":"es","potentialAction":[{"@type":"ReadAction","target":["https:\/\/marcegaglia.co\/es\/aplicaciones\/"]}]},{"@type":"BreadcrumbList","@id":"https:\/\/marcegaglia.co\/es\/aplicaciones\/#breadcrumb","itemListElement":[{"@type":"ListItem","position":1,"name":"Home","item":"https:\/\/marcegaglia.co\/en\/"},{"@type":"ListItem","position":2,"name":"Aplicaciones"}]},{"@type":"WebSite","@id":"https:\/\/marcegaglia.co\/en\/#website","url":"https:\/\/marcegaglia.co\/en\/","name":"Marcegaglia Colombia","description":"We give shape to steel","potentialAction":[{"@type":"SearchAction","target":{"@type":"EntryPoint","urlTemplate":"https:\/\/marcegaglia.co\/en\/?s={search_term_string}"},"query-input":{"@type":"PropertyValueSpecification","valueRequired":true,"valueName":"search_term_string"}}],"inLanguage":"es"}]}},"_links":{"self":[{"href":"https:\/\/marcegaglia.co\/es\/wp-json\/wp\/v2\/pages\/15773","targetHints":{"allow":["GET"]}}],"collection":[{"href":"https:\/\/marcegaglia.co\/es\/wp-json\/wp\/v2\/pages"}],"about":[{"href":"https:\/\/marcegaglia.co\/es\/wp-json\/wp\/v2\/types\/page"}],"author":[{"embeddable":true,"href":"https:\/\/marcegaglia.co\/es\/wp-json\/wp\/v2\/users\/1"}],"replies":[{"embeddable":true,"href":"https:\/\/marcegaglia.co\/es\/wp-json\/wp\/v2\/comments?post=15773"}],"version-history":[{"count":5,"href":"https:\/\/marcegaglia.co\/es\/wp-json\/wp\/v2\/pages\/15773\/revisions"}],"predecessor-version":[{"id":16812,"href":"https:\/\/marcegaglia.co\/es\/wp-json\/wp\/v2\/pages\/15773\/revisions\/16812"}],"wp:attachment":[{"href":"https:\/\/marcegaglia.co\/es\/wp-json\/wp\/v2\/media?parent=15773"}],"curies":[{"name":"wp","href":"https:\/\/api.w.org\/{rel}","templated":true}]}}