{"id":15758,"date":"2020-09-29T10:37:26","date_gmt":"2020-09-29T10:37:26","guid":{"rendered":"http:\/\/marcegaglia.co\/calidad-y-servicio\/"},"modified":"2020-11-24T13:40:01","modified_gmt":"2020-11-24T13:40:01","slug":"calidad-y-servicio","status":"publish","type":"page","link":"https:\/\/marcegaglia.co\/es\/calidad-y-servicio\/","title":{"rendered":"Calidad y servicio"},"content":{"rendered":"<div class=\"wpb-content-wrapper\"><p>[vc_row full_width=\u00bbstretch_row_content_no_spaces\u00bb css=\u00bb.vc_custom_1606224122968{margin-bottom: 2em !important;background-image: url(http:\/\/marcegaglia.co\/wp-content\/uploads\/2020\/04\/marcegaglia-poland-metal-building-product-certifications-banner-1920&#215;306-1.jpg?id=10807) !important;background-position: center !important;background-repeat: no-repeat !important;background-size: cover !important;}\u00bb el_id=\u00bbdesk\u00bb][vc_column css=\u00bb.vc_custom_1588591974425{padding-top: 10em !important;padding-bottom: 10em !important;background-position: center !important;background-repeat: no-repeat !important;background-size: cover !important;}\u00bb el_id=\u00bbdesk\u00bb offset=\u00bbvc_hidden-sm vc_hidden-xs\u00bb][\/vc_column][\/vc_row][vc_row full_width=\u00bbstretch_row_content_no_spaces\u00bb css=\u00bb.vc_custom_1606225166270{margin-bottom: 2em !important;padding-top: 5em !important;padding-bottom: 5em !important;background-position: center !important;background-repeat: no-repeat !important;background-size: cover !important;}\u00bb el_id=\u00bbresp\u00bb][vc_column css=\u00bb.vc_custom_1588592239658{background-position: center !important;background-repeat: no-repeat !important;background-size: cover !important;}\u00bb el_id=\u00bbresp\u00bb offset=\u00bbvc_hidden-lg vc_hidden-md\u00bb][\/vc_column][\/vc_row][vc_row css=\u00bb.vc_custom_1587744290404{padding-bottom: 2em !important;}\u00bb][vc_column width=\u00bb1\/2&#8243;][vc_column_text]<\/p>\n<h2>CERTIFICADOS<\/h2>\n<p>[\/vc_column_text][vc_empty_space height=\u00bb20px\u00bb][vc_column_text]El enfoque de la compa\u00f1\u00eda en la <strong>excelencia<\/strong> se refleja en la dedicaci\u00f3n y el cuidado que Marcegaglia Colombia pone en cualquier fase de su producci\u00f3n, incluyendo el apoyo documental.<br \/>\nM\u00e1s adelante, la tecnolog\u00eda de \u00faltima generaci\u00f3n de Marcegaglia utilizada en las l\u00edneas de la planta de Funza incluye una serie de operaciones en l\u00ednea como la <strong>prueba de fugas con burbujas, la prueba de fugas con el equipo Helio<\/strong> (120 Psi) y la <strong>inspecci\u00f3n dimensional<\/strong>, en <strong>cada etapa<\/strong> del proceso.<\/p>\n<p>El sistema de producci\u00f3n <strong>certificado<\/strong> de Marcegaglia garantiza la <strong>completa trazabilidad<\/strong> de los productos a lo largo de toda la cadena de producci\u00f3n, desde el material original hasta las propiedades qu\u00edmicas y mec\u00e1nicas, para garantizar la absoluta idoneidad para las aplicaciones espec\u00edficas de acuerdo con las normas pertinentes.<br \/>\nDespu\u00e9s de la soldadura y las pruebas, los tubos se cortan a medida, se embalan y se almacenan seg\u00fan cualquier exigencia espec\u00edfica.[\/vc_column_text][vc_row_inner content_placement=\u00bbmiddle\u00bb][vc_column_inner][\/vc_column_inner][\/vc_row_inner][\/vc_column][vc_column width=\u00bb1\/2&#8243;][vc_column_text]<\/p>\n<h2>PRUEBAS<\/h2>\n<p>[\/vc_column_text][vc_empty_space height=\u00bb20px\u00bb][vc_column_text]<strong>PRODUCCI\u00d3N<\/strong><\/p>\n<ul>\n<li>Prueba de fugas por estanqueidad en tina de inmersi\u00f3n (150 -180 Psi)<\/li>\n<li>Revisi\u00f3n dimensional en cada etapa de proceso.<\/li>\n<\/ul>\n<p>[\/vc_column_text][vc_empty_space height=\u00bb20px\u00bb][vc_column_text]<strong>LABORATORIO<\/strong><\/p>\n<ul>\n<li>Prueba de residuos internos solubles e insolubles<\/li>\n<li>Pruebas de humedad interna m\u00e1ximo 50 mg\/l<\/li>\n<li>Pruebas de compatibilidad con gas R134 A y R600A (miscibilidad \/ parafinas).<\/li>\n<li>Prueba de c\u00e1mara salina para asegurar protecci\u00f3n contra la corrosi\u00f3n despu\u00e9s de aplicada la pintura. &gt;\/= 240 h con 10% de corrosi\u00f3n roja m\u00e1ximo en los puntos de juntura alambre tubo.<\/li>\n<li>Prueba de resistencia y curado de la pintura protectora<\/li>\n<li>Espesor de capa (Elcometer)<\/li>\n<li>Dureza con l\u00e1piz 4H<\/li>\n<li>Flexibilidad giro de 90\u00b0<\/li>\n<li>Adherencia m\u00e9todo de cuadricula<\/li>\n<li>Curado Isobutilmetilcetona<\/li>\n<\/ul>\n<p>[\/vc_column_text][\/vc_column][\/vc_row]<\/p>\n<\/div>","protected":false},"excerpt":{"rendered":"<p>[vc_row full_width=\u00bbstretch_row_content_no_spaces\u00bb css=\u00bb.vc_custom_1606224122968{margin-bottom: 2em !important;background-image: url(http:\/\/marcegaglia.co\/wp-content\/uploads\/2020\/04\/marcegaglia-poland-metal-building-product-certifications-banner-1920&#215;306-1.jpg?id=10807) !important;background-position: center !important;background-repeat: no-repeat !important;background-size: &#8230; <\/p>\n","protected":false},"author":1,"featured_media":0,"parent":0,"menu_order":0,"comment_status":"closed","ping_status":"closed","template":"","meta":{"footnotes":""},"class_list":["post-15758","page","type-page","status-publish","hentry"],"yoast_head":"<!-- This site is optimized with the Yoast SEO plugin v25.4 - https:\/\/yoast.com\/wordpress\/plugins\/seo\/ -->\n<title>Calidad y servicio - Marcegaglia Colombia<\/title>\n<meta name=\"robots\" content=\"index, follow, max-snippet:-1, max-image-preview:large, max-video-preview:-1\" \/>\n<link rel=\"canonical\" href=\"https:\/\/marcegaglia.co\/es\/calidad-y-servicio\/\" \/>\n<meta property=\"og:locale\" content=\"es_ES\" \/>\n<meta property=\"og:type\" content=\"article\" \/>\n<meta property=\"og:title\" content=\"Calidad y servicio - Marcegaglia Colombia\" \/>\n<meta property=\"og:description\" content=\"[vc_row full_width=\u00bbstretch_row_content_no_spaces\u00bb css=\u00bb.vc_custom_1606224122968{margin-bottom: 2em !important;background-image: url(http:\/\/marcegaglia.co\/wp-content\/uploads\/2020\/04\/marcegaglia-poland-metal-building-product-certifications-banner-1920&#215;306-1.jpg?id=10807) !important;background-position: center !important;background-repeat: no-repeat !important;background-size: ...\" \/>\n<meta property=\"og:url\" content=\"https:\/\/marcegaglia.co\/es\/calidad-y-servicio\/\" \/>\n<meta property=\"og:site_name\" content=\"Marcegaglia Colombia\" \/>\n<meta property=\"article:modified_time\" content=\"2020-11-24T13:40:01+00:00\" \/>\n<meta name=\"twitter:card\" content=\"summary_large_image\" \/>\n<meta name=\"twitter:label1\" content=\"Tiempo de lectura\" \/>\n\t<meta name=\"twitter:data1\" content=\"2 minutos\" \/>\n<script type=\"application\/ld+json\" class=\"yoast-schema-graph\">{\"@context\":\"https:\/\/schema.org\",\"@graph\":[{\"@type\":\"WebPage\",\"@id\":\"https:\/\/marcegaglia.co\/es\/calidad-y-servicio\/\",\"url\":\"https:\/\/marcegaglia.co\/es\/calidad-y-servicio\/\",\"name\":\"Calidad y servicio - Marcegaglia Colombia\",\"isPartOf\":{\"@id\":\"https:\/\/marcegaglia.co\/en\/#website\"},\"datePublished\":\"2020-09-29T10:37:26+00:00\",\"dateModified\":\"2020-11-24T13:40:01+00:00\",\"breadcrumb\":{\"@id\":\"https:\/\/marcegaglia.co\/es\/calidad-y-servicio\/#breadcrumb\"},\"inLanguage\":\"es\",\"potentialAction\":[{\"@type\":\"ReadAction\",\"target\":[\"https:\/\/marcegaglia.co\/es\/calidad-y-servicio\/\"]}]},{\"@type\":\"BreadcrumbList\",\"@id\":\"https:\/\/marcegaglia.co\/es\/calidad-y-servicio\/#breadcrumb\",\"itemListElement\":[{\"@type\":\"ListItem\",\"position\":1,\"name\":\"Home\",\"item\":\"https:\/\/marcegaglia.co\/en\/\"},{\"@type\":\"ListItem\",\"position\":2,\"name\":\"Calidad y servicio\"}]},{\"@type\":\"WebSite\",\"@id\":\"https:\/\/marcegaglia.co\/en\/#website\",\"url\":\"https:\/\/marcegaglia.co\/en\/\",\"name\":\"Marcegaglia Colombia\",\"description\":\"We give shape to steel\",\"potentialAction\":[{\"@type\":\"SearchAction\",\"target\":{\"@type\":\"EntryPoint\",\"urlTemplate\":\"https:\/\/marcegaglia.co\/en\/?s={search_term_string}\"},\"query-input\":{\"@type\":\"PropertyValueSpecification\",\"valueRequired\":true,\"valueName\":\"search_term_string\"}}],\"inLanguage\":\"es\"}]}<\/script>\n<!-- \/ Yoast SEO plugin. -->","yoast_head_json":{"title":"Calidad y servicio - Marcegaglia Colombia","robots":{"index":"index","follow":"follow","max-snippet":"max-snippet:-1","max-image-preview":"max-image-preview:large","max-video-preview":"max-video-preview:-1"},"canonical":"https:\/\/marcegaglia.co\/es\/calidad-y-servicio\/","og_locale":"es_ES","og_type":"article","og_title":"Calidad y servicio - Marcegaglia Colombia","og_description":"[vc_row full_width=\u00bbstretch_row_content_no_spaces\u00bb css=\u00bb.vc_custom_1606224122968{margin-bottom: 2em !important;background-image: url(http:\/\/marcegaglia.co\/wp-content\/uploads\/2020\/04\/marcegaglia-poland-metal-building-product-certifications-banner-1920&#215;306-1.jpg?id=10807) !important;background-position: center !important;background-repeat: no-repeat !important;background-size: ...","og_url":"https:\/\/marcegaglia.co\/es\/calidad-y-servicio\/","og_site_name":"Marcegaglia Colombia","article_modified_time":"2020-11-24T13:40:01+00:00","twitter_card":"summary_large_image","twitter_misc":{"Tiempo de lectura":"2 minutos"},"schema":{"@context":"https:\/\/schema.org","@graph":[{"@type":"WebPage","@id":"https:\/\/marcegaglia.co\/es\/calidad-y-servicio\/","url":"https:\/\/marcegaglia.co\/es\/calidad-y-servicio\/","name":"Calidad y servicio - Marcegaglia Colombia","isPartOf":{"@id":"https:\/\/marcegaglia.co\/en\/#website"},"datePublished":"2020-09-29T10:37:26+00:00","dateModified":"2020-11-24T13:40:01+00:00","breadcrumb":{"@id":"https:\/\/marcegaglia.co\/es\/calidad-y-servicio\/#breadcrumb"},"inLanguage":"es","potentialAction":[{"@type":"ReadAction","target":["https:\/\/marcegaglia.co\/es\/calidad-y-servicio\/"]}]},{"@type":"BreadcrumbList","@id":"https:\/\/marcegaglia.co\/es\/calidad-y-servicio\/#breadcrumb","itemListElement":[{"@type":"ListItem","position":1,"name":"Home","item":"https:\/\/marcegaglia.co\/en\/"},{"@type":"ListItem","position":2,"name":"Calidad y servicio"}]},{"@type":"WebSite","@id":"https:\/\/marcegaglia.co\/en\/#website","url":"https:\/\/marcegaglia.co\/en\/","name":"Marcegaglia Colombia","description":"We give shape to steel","potentialAction":[{"@type":"SearchAction","target":{"@type":"EntryPoint","urlTemplate":"https:\/\/marcegaglia.co\/en\/?s={search_term_string}"},"query-input":{"@type":"PropertyValueSpecification","valueRequired":true,"valueName":"search_term_string"}}],"inLanguage":"es"}]}},"_links":{"self":[{"href":"https:\/\/marcegaglia.co\/es\/wp-json\/wp\/v2\/pages\/15758","targetHints":{"allow":["GET"]}}],"collection":[{"href":"https:\/\/marcegaglia.co\/es\/wp-json\/wp\/v2\/pages"}],"about":[{"href":"https:\/\/marcegaglia.co\/es\/wp-json\/wp\/v2\/types\/page"}],"author":[{"embeddable":true,"href":"https:\/\/marcegaglia.co\/es\/wp-json\/wp\/v2\/users\/1"}],"replies":[{"embeddable":true,"href":"https:\/\/marcegaglia.co\/es\/wp-json\/wp\/v2\/comments?post=15758"}],"version-history":[{"count":5,"href":"https:\/\/marcegaglia.co\/es\/wp-json\/wp\/v2\/pages\/15758\/revisions"}],"predecessor-version":[{"id":16478,"href":"https:\/\/marcegaglia.co\/es\/wp-json\/wp\/v2\/pages\/15758\/revisions\/16478"}],"wp:attachment":[{"href":"https:\/\/marcegaglia.co\/es\/wp-json\/wp\/v2\/media?parent=15758"}],"curies":[{"name":"wp","href":"https:\/\/api.w.org\/{rel}","templated":true}]}}